{"id":3290,"date":"2025-12-18T16:51:44","date_gmt":"2025-12-18T15:51:44","guid":{"rendered":"https:\/\/gruenig.werbequelle.de\/industry-solutions\/building-materials-trade\/"},"modified":"2025-12-25T03:21:35","modified_gmt":"2025-12-25T02:21:35","slug":"building-materials-trade","status":"publish","type":"page","link":"https:\/\/gruenig.werbequelle.de\/en\/industry-solutions\/building-materials-trade\/","title":{"rendered":"Building materials trade"},"content":{"rendered":"<div class=\"et_pb_section_0 et_pb_section et_section_regular et_block_section preset--group--divi-section--divi-background--default preset--module--divi-section--default\">\n<div class=\"et_pb_row_0 et_pb_row et_pb_gutters3 et_block_row preset--group--divi-row--divi-background--default preset--module--divi-row--default\">\n<div class=\"et_pb_column_0 et_pb_column et_pb_column_4_4 et-last-child et_block_column et_pb_css_mix_blend_mode_passthrough preset--group--divi-column--divi-background--default preset--module--divi-column--default\">\n<div class=\"et_pb_text_0 et_pb_text et_pb_bg_layout_light et_pb_module et_block_module preset--group--divi-text--divi-background--default preset--group--divi-text--divi-font-header--default preset--group--divi-text--divi-font-body--p3ap1n3p96 preset--module--divi-text--default\"><div class=\"et_pb_text_inner\"><h1>The sweeper for the building materials trade<\/h1>\n<\/div><\/div>\n<\/div>\n<\/div>\n\n<div class=\"et_pb_row_1 et_pb_row et_pb_gutters3 et_block_row preset--group--divi-row--divi-background--default preset--module--divi-row--default\">\n<div class=\"et_pb_column_1 et_pb_column et_pb_column_4_4 et-last-child et_block_column et_pb_css_mix_blend_mode_passthrough preset--group--divi-column--divi-background--default preset--module--divi-column--default\">\n<div class=\"et_pb_text_1 et_pb_text et_pb_bg_layout_light et_pb_module et_block_module preset--group--divi-text--divi-background--default preset--group--divi-text--divi-font-header--default preset--group--divi-text--divi-font-body--default preset--module--divi-text--default\"><div class=\"et_pb_text_inner\"><p>A lot of dust and dirt accumulates in the building materials trade. This calls for a particularly powerful sweeper to ensure both safety and the representative appearance of the company premises at all times. And this is where GR\u00dcNIG comes into play, because with a self-collecting GR\u00dcNIG attachment sweeper or the GR\u00dcNIG Kehr-Fuchs, you can clean large areas in the building materials trade extremely thoroughly and efficiently.  <\/p>\n<h2>A GR\u00dcNIG sweeper completely picks up any type of debris in the building materials trade<\/h2>\n<p>When cleaning large areas indoors and outdoors, a GR\u00dcNIG sweeper proves to be absolutely uncompromising at all times: Fine debris is completely collected, as are coarse, bulky materials. This is ensured, among other things, by the full encapsulation specially developed by the German manufacturer, thanks to which even fine dust can be swept up almost without disturbing dust formation \u2013 a significant advantage, especially in the building materials trade, as well as in other applications in fine dust areas, such as in concrete plants, the brick industry, the clay industry, the sand-lime brick industry or a foundry! However, a sweeper from GR\u00dcNIG is not only suitable for use in dusty environments. Wet and uneven terrain is also easy for it to handle. Thanks to the exemplary \"Made in Germany\" sweeping technology and workmanship that distinguishes every model, GR\u00dcNIG sweepers also impress with their robustness, low maintenance requirements, unsurpassed durability and low operating costs.    <\/p>\n<\/div><\/div>\n<\/div>\n<\/div>\n\n<div class=\"et_pb_row_2 et_pb_row et_pb_gutters3 et_block_row preset--group--divi-row--divi-background--default preset--module--divi-row--default\">\n<div class=\"et_pb_column_2 et_pb_column et_pb_column_1_2 et_block_column et_pb_css_mix_blend_mode_passthrough preset--group--divi-column--divi-background--default preset--module--divi-column--default\">\n<div class=\"et_pb_gallery_0 et_pb_gallery et_pb_bg_layout_light et_pb_slider et_pb_gallery_fullwidth clearfix et_pb_slider_no_pagination et_pb_module preset--module--divi-gallery--e3f4ohdmdy\" data-auto-rotate=\"off\" data-auto-rotate-speed=\"\"><div class=\"et_pb_gallery_items et_post_gallery clearfix\" data-per_page=\"4\"><div class=\"et_pb_gallery_item et_pb_gallery_item_0_0\"><div class=\"et_pb_gallery_image landscape\" data-per_page=\"4\"><a href=\"https:\/\/gruenig.werbequelle.de\/wp-content\/uploads\/2025\/10\/48600100896_216b45c99d_b.webp\" title=\"\"><img decoding=\"async\" width=\"1024\" height=\"576\" src=\"https:\/\/gruenig.werbequelle.de\/wp-content\/uploads\/2025\/10\/48600100896_216b45c99d_b.webp\" alt=\"GSE 1500 an Gabelstapler\" class=\"wp-image-1800\" srcset=\"https:\/\/gruenig.werbequelle.de\/wp-content\/uploads\/2025\/10\/48600100896_216b45c99d_b.webp 1024w, https:\/\/gruenig.werbequelle.de\/wp-content\/uploads\/2025\/10\/48600100896_216b45c99d_b-980x551.webp 980w, https:\/\/gruenig.werbequelle.de\/wp-content\/uploads\/2025\/10\/48600100896_216b45c99d_b-480x270.webp 480w\" sizes=\"(min-width: 0px) and (max-width: 480px) 480px, (min-width: 481px) and (max-width: 980px) 980px, (min-width: 981px) 1024px, 100vw\" \/><span class=\"et_overlay\" data-icon=\"\" data-icon-tablet=\"\" data-icon-phone=\"\"><\/span><\/a><\/div><\/div><div class=\"et_pb_gallery_item et_pb_gallery_item_0_1\"><div class=\"et_pb_gallery_image landscape\" data-per_page=\"4\"><a href=\"https:\/\/gruenig.werbequelle.de\/wp-content\/uploads\/2025\/11\/gse-1500.webp\" title=\"\"><img decoding=\"async\" width=\"1500\" height=\"844\" src=\"https:\/\/gruenig.werbequelle.de\/wp-content\/uploads\/2025\/11\/gse-1500.webp\" alt=\"GSE 1500 kehrt Betonboden\" class=\"wp-image-2451\" srcset=\"https:\/\/gruenig.werbequelle.de\/wp-content\/uploads\/2025\/11\/gse-1500.webp 1500w, https:\/\/gruenig.werbequelle.de\/wp-content\/uploads\/2025\/11\/gse-1500-1280x720.webp 1280w, https:\/\/gruenig.werbequelle.de\/wp-content\/uploads\/2025\/11\/gse-1500-980x551.webp 980w, https:\/\/gruenig.werbequelle.de\/wp-content\/uploads\/2025\/11\/gse-1500-480x270.webp 480w\" sizes=\"(min-width: 0px) and (max-width: 480px) 480px, (min-width: 481px) and (max-width: 980px) 980px, (min-width: 981px) and (max-width: 1280px) 1280px, (min-width: 1281px) 1500px, 100vw\" \/><span class=\"et_overlay\" data-icon=\"\" data-icon-tablet=\"\" data-icon-phone=\"\"><\/span><\/a><\/div><\/div><div class=\"et_pb_gallery_item et_pb_gallery_item_0_2\"><div class=\"et_pb_gallery_image landscape\" data-per_page=\"4\"><a href=\"https:\/\/gruenig.werbequelle.de\/wp-content\/uploads\/2025\/10\/48600097726_f5bd9f1b32_b-1.webp\" title=\"\"><img decoding=\"async\" width=\"911\" height=\"683\" src=\"https:\/\/gruenig.werbequelle.de\/wp-content\/uploads\/2025\/10\/48600097726_f5bd9f1b32_b-1.webp\" alt=\"Schmutzaufnehmende Kehrmaschine GSB\" class=\"wp-image-1855\" srcset=\"https:\/\/gruenig.werbequelle.de\/wp-content\/uploads\/2025\/10\/48600097726_f5bd9f1b32_b-1.webp 911w, https:\/\/gruenig.werbequelle.de\/wp-content\/uploads\/2025\/10\/48600097726_f5bd9f1b32_b-1-480x360.webp 480w\" sizes=\"(min-width: 0px) and (max-width: 480px) 480px, (min-width: 481px) 911px, 100vw\" \/><span class=\"et_overlay\" data-icon=\"\" data-icon-tablet=\"\" data-icon-phone=\"\"><\/span><\/a><\/div><\/div><div class=\"et_pb_gallery_item et_pb_gallery_item_0_3\"><div class=\"et_pb_gallery_image landscape\" data-per_page=\"4\"><a href=\"https:\/\/gruenig.werbequelle.de\/wp-content\/uploads\/2025\/10\/48600240417_77f9315ed4_b.webp\" title=\"\"><img decoding=\"async\" width=\"1023\" height=\"683\" src=\"https:\/\/gruenig.werbequelle.de\/wp-content\/uploads\/2025\/10\/48600240417_77f9315ed4_b.webp\" alt=\"Schmutzaufnehmende Kehrmaschine GSB Gabelstapler\" class=\"wp-image-1836\" srcset=\"https:\/\/gruenig.werbequelle.de\/wp-content\/uploads\/2025\/10\/48600240417_77f9315ed4_b.webp 1023w, https:\/\/gruenig.werbequelle.de\/wp-content\/uploads\/2025\/10\/48600240417_77f9315ed4_b-980x654.webp 980w, https:\/\/gruenig.werbequelle.de\/wp-content\/uploads\/2025\/10\/48600240417_77f9315ed4_b-480x320.webp 480w\" sizes=\"(min-width: 0px) and (max-width: 480px) 480px, (min-width: 481px) and (max-width: 980px) 980px, (min-width: 981px) 1023px, 100vw\" \/><span class=\"et_overlay\" data-icon=\"\" data-icon-tablet=\"\" data-icon-phone=\"\"><\/span><\/a><\/div><\/div><div class=\"et_pb_gallery_item et_pb_gallery_item_0_4\"><div class=\"et_pb_gallery_image landscape\" data-per_page=\"4\"><a href=\"https:\/\/gruenig.werbequelle.de\/wp-content\/uploads\/2025\/10\/48600103696_60869d6a32_b.webp\" title=\"48600103696_60869d6a32_b\"><img decoding=\"async\" width=\"1023\" height=\"683\" src=\"https:\/\/gruenig.werbequelle.de\/wp-content\/uploads\/2025\/10\/48600103696_60869d6a32_b.webp\" alt=\"\" class=\"wp-image-1809\" srcset=\"https:\/\/gruenig.werbequelle.de\/wp-content\/uploads\/2025\/10\/48600103696_60869d6a32_b.webp 1023w, https:\/\/gruenig.werbequelle.de\/wp-content\/uploads\/2025\/10\/48600103696_60869d6a32_b-980x654.webp 980w, https:\/\/gruenig.werbequelle.de\/wp-content\/uploads\/2025\/10\/48600103696_60869d6a32_b-480x320.webp 480w\" sizes=\"(min-width: 0px) and (max-width: 480px) 480px, (min-width: 481px) and (max-width: 980px) 980px, (min-width: 981px) 1023px, 100vw\" \/><span class=\"et_overlay\" data-icon=\"\" data-icon-tablet=\"\" data-icon-phone=\"\"><\/span><\/a><\/div><\/div><\/div><\/div>\n<\/div>\n\n<div class=\"et_pb_column_3 et_pb_column et_pb_column_1_2 et-last-child et_block_column et_pb_css_mix_blend_mode_passthrough preset--group--divi-column--divi-background--default preset--module--divi-column--default\">\n<div class=\"et_pb_text_2 et_pb_text et_pb_bg_layout_light et_pb_module et_block_module preset--group--divi-text--divi-background--default preset--group--divi-text--divi-font-header--default preset--group--divi-text--divi-font-body--default preset--module--divi-text--default\"><div class=\"et_pb_text_inner\"><h3>Find your GR\u00dcNIG sweeper for the building materials trade now<\/h3>\n<p>Get a first overview of our broad range of efficient and cost-effective sweepers here:<\/p>\n<p>Attachment sweepers for a wide variety of carrier vehicles<\/p>\n<p>These robust and powerful sweepers have a fully hydraulic drive and can be coupled to a vehicle already in operation, such as a wheel loader or forklift, in a matter of seconds. In this way, the carrier vehicle can be used during downtimes to clean the company premises or other paved areas, as well as adjacent roads or squares. <\/p>\n<\/div><\/div>\n<\/div>\n<\/div>\n\n<div class=\"et_pb_row_3 et_pb_row et_pb_gutters3 et_block_row preset--group--divi-row--divi-background--default preset--module--divi-row--default\">\n<div class=\"et_pb_column_4 et_pb_column et_pb_column_4_4 et-last-child et_block_column et_pb_css_mix_blend_mode_passthrough preset--group--divi-column--divi-background--default preset--module--divi-column--default\">\n<div class=\"et_pb_text_3 et_pb_text et_pb_bg_layout_light et_pb_module et_block_module preset--group--divi-text--divi-background--default preset--group--divi-text--divi-font-header--default preset--group--divi-text--divi-font-body--default preset--module--divi-text--default\"><div class=\"et_pb_text_inner\"><h3>Kehr-Fuchs from GR\u00dcNIG: powerful \"stand-alone\" sweeper for the building materials trade<\/h3>\n<p>The self-propelled GR\u00dcNIG Kehr-Fuchs ride-on sweeper is an ideal alternative for building material traders if no carrier vehicle is available or if full-time use is planned. The indestructible Kehr-Fuchs offers precise and thorough cleaning combined with a large area output and an enormous filling volume as well as low operating costs. <\/p>\n<h3>GR\u00dcNIG Uni-Truck \u2013 for universal use in the building materials trade<\/h3>\n<p>If you are looking for a multifunctional vehicle that is not only suitable for use as a sweeper, it is worth taking a closer look at the GR\u00dcNIG Uni-Truck. With a versatile attachment program, the UNI-Truck is ideally suited for a wide range of work. The all-wheel drive base vehicle can be quickly converted into an off-road forklift, a powerful winter service machine or a professional green space maintenance machine \u2013 for the professional maintenance of your company premises.  <\/p>\n<h3>Custom-made products<\/h3>\n<p>Thanks to our many years of expertise and our own production facilities, we at GR\u00dcNIG are also able to realize individual special solutions for you. If you have any need for this, simply contact us! <\/p>\n<\/div><\/div>\n<\/div>\n<\/div>\n\n<div class=\"et_pb_row_4 et_pb_row et_flex_row preset--group--divi-row--divi-background--default preset--module--divi-row--default\">\n<div class=\"et_pb_column_5 et_pb_column et-last-child et_block_column et_pb_css_mix_blend_mode_passthrough et_flex_column_24_24 et_flex_column_12_24_tablet et_flex_column_24_24_phone et_flex_column_24_24_phoneWide et_flex_column_12_24_tabletWide preset--group--divi-column--divi-background--default preset--module--divi-column--default\">\n<div class=\"et_pb_blurb_0 et_pb_blurb et_pb_bg_layout_light et_pb_blurb_position_top et_clickable et_pb_module et_block_module preset--module--divi-blurb--rl1iur75kt\"><div class=\"et_pb_blurb_content\"><div class=\"et_pb_main_blurb_image\"><span class=\"et_pb_image_wrap et_pb_only_image_mode_wrap\"><img decoding=\"async\" src=\"https:\/\/gruenig.werbequelle.de\/wp-content\/uploads\/2025\/05\/kehrfucks-1.jpg\" width=\"700\" height=\"400\" srcset=\"https:\/\/gruenig.werbequelle.de\/wp-content\/uploads\/2025\/05\/kehrfucks-1.jpg 700w, https:\/\/gruenig.werbequelle.de\/wp-content\/uploads\/2025\/05\/kehrfucks-1-480x274.jpg 480w\" sizes=\"(min-width: 0px) and (max-width: 480px) 480px, (min-width: 481px) 700px, 100vw\" class=\"et_animated wp-image-610\" alt=\"kehrfucks-1\" \/><\/span><\/div><div class=\"et_pb_blurb_container\"><h3 class=\"et_pb_module_header\">Kehr-Fuchs<\/h3><\/div><\/div><\/div>\n\n<div class=\"et_pb_blurb_1 et_pb_blurb et_pb_bg_layout_light et_pb_blurb_position_top et_clickable et_pb_module et_block_module preset--module--divi-blurb--rl1iur75kt\"><div class=\"et_pb_blurb_content\"><div class=\"et_pb_main_blurb_image\"><span class=\"et_pb_image_wrap et_pb_only_image_mode_wrap\"><img decoding=\"async\" src=\"https:\/\/gruenig.werbequelle.de\/wp-content\/uploads\/2025\/12\/gruenig-gsb-1-600x343-1.jpg\" alt=\"Gr\u00fcnig GSB iso\" width=\"600\" height=\"343\" srcset=\"https:\/\/gruenig.werbequelle.de\/wp-content\/uploads\/2025\/12\/gruenig-gsb-1-600x343-1.jpg 600w, https:\/\/gruenig.werbequelle.de\/wp-content\/uploads\/2025\/12\/gruenig-gsb-1-600x343-1-480x274.jpg 480w\" sizes=\"(min-width: 0px) and (max-width: 480px) 480px, (min-width: 481px) 600px, 100vw\" class=\"et_animated wp-image-3103\" \/><\/span><\/div><div class=\"et_pb_blurb_container\"><h3 class=\"et_pb_module_header\">GSB Attachment Sweeper<\/h3><\/div><\/div><\/div>\n\n<div class=\"et_pb_blurb_2 et_pb_blurb et_pb_bg_layout_light et_pb_blurb_position_top et_clickable et_pb_module et_block_module preset--module--divi-blurb--rl1iur75kt\"><div class=\"et_pb_blurb_content\"><div class=\"et_pb_main_blurb_image\"><span class=\"et_pb_image_wrap et_pb_only_image_mode_wrap\"><img decoding=\"async\" src=\"https:\/\/gruenig.werbequelle.de\/wp-content\/uploads\/2025\/12\/gse-1-600x343-1.jpg\" alt=\"GSE iso\" width=\"600\" height=\"343\" srcset=\"https:\/\/gruenig.werbequelle.de\/wp-content\/uploads\/2025\/12\/gse-1-600x343-1.jpg 600w, https:\/\/gruenig.werbequelle.de\/wp-content\/uploads\/2025\/12\/gse-1-600x343-1-480x274.jpg 480w\" sizes=\"(min-width: 0px) and (max-width: 480px) 480px, (min-width: 481px) 600px, 100vw\" class=\"et_animated wp-image-3104\" \/><\/span><\/div><div class=\"et_pb_blurb_container\"><h3 class=\"et_pb_module_header\">GSE attachment sweeper<\/h3><\/div><\/div><\/div>\n\n<div class=\"et_pb_blurb_3 et_pb_blurb et_pb_bg_layout_light et_pb_blurb_position_top et_clickable et_pb_module et_block_module preset--module--divi-blurb--rl1iur75kt\"><div class=\"et_pb_blurb_content\"><div class=\"et_pb_main_blurb_image\"><span class=\"et_pb_image_wrap et_pb_only_image_mode_wrap\"><img decoding=\"async\" src=\"https:\/\/gruenig.werbequelle.de\/wp-content\/uploads\/2025\/05\/gruenig-kehrmaschine-1.jpg\" width=\"700\" height=\"400\" srcset=\"https:\/\/gruenig.werbequelle.de\/wp-content\/uploads\/2025\/05\/gruenig-kehrmaschine-1.jpg 700w, https:\/\/gruenig.werbequelle.de\/wp-content\/uploads\/2025\/05\/gruenig-kehrmaschine-1-480x274.jpg 480w\" sizes=\"(min-width: 0px) and (max-width: 480px) 480px, (min-width: 481px) 700px, 100vw\" class=\"et_animated wp-image-608\" alt=\"gruenig-kehrmaschine-1\" \/><\/span><\/div><div class=\"et_pb_blurb_container\"><h3 class=\"et_pb_module_header\">Attachment Sweeper GSX<\/h3><\/div><\/div><\/div>\n<\/div>\n<\/div>\n\n<div class=\"et_pb_row_5 et_pb_row et_pb_gutters3 et_block_row preset--group--divi-row--divi-background--default preset--module--divi-row--default\">\n<div class=\"et_pb_column_6 et_pb_column et_pb_column_4_4 et-last-child et_block_column et_pb_css_mix_blend_mode_passthrough preset--group--divi-column--divi-background--default preset--module--divi-column--default\">\n<div class=\"et_pb_text_4 et_pb_text et_pb_bg_layout_light et_pb_module et_block_module preset--group--divi-text--divi-background--default preset--group--divi-text--divi-font-header--default preset--group--divi-text--divi-font-body--default preset--module--divi-text--default\"><div class=\"et_pb_text_inner\"><h3>GR\u00dcNIG sweeper \u2013 the right choice in the building materials trade<\/h3>\n<p>Don't compromise when it comes to the cleanliness of your company premises and opt for an efficient sweeper made in Germany. If you are interested in a GR\u00dcNIG machine for the building materials trade, simply contact us. We would be happy to explain the technical details to you in a personal consultation.  <\/p>\n<\/div><\/div>\n<\/div>\n<\/div>\n\n<div class=\"et_pb_row_6 et_pb_row et_pb_gutters3 et_block_row preset--group--divi-row--divi-background--default preset--module--divi-row--default\">\n<div class=\"et_pb_column_7 et_pb_column et_pb_column_4_4 et-last-child et_block_column et_pb_css_mix_blend_mode_passthrough preset--group--divi-column--divi-background--default preset--module--divi-column--default\">\n<div class=\"et_pb_module et_pb_button_module_wrapper et_pb_button_0_wrapper preset--group--divi-button--divi-background--default_wrapper preset--group--divi-button--divi-button--default_wrapper preset--group--divi-button--divi-font--default_wrapper preset--module--divi-button--default_wrapper\"><a class=\"et_pb_button_0 et_pb_button et_pb_bg_layout_light et_pb_module et_block_module preset--group--divi-button--divi-background--default preset--group--divi-button--divi-button--default preset--group--divi-button--divi-font--default preset--module--divi-button--default\" href=\"https:\/\/gruenig.werbequelle.de\/en\/industry-solutions\/\">View all industries<\/a><\/div>\n<\/div>\n<\/div>\n<\/div>","protected":false},"excerpt":{"rendered":"","protected":false},"author":10,"featured_media":0,"parent":2980,"menu_order":0,"comment_status":"closed","ping_status":"closed","template":"","meta":{"footnotes":""},"class_list":["post-3290","page","type-page","status-publish","hentry"],"_links":{"self":[{"href":"https:\/\/gruenig.werbequelle.de\/en\/wp-json\/wp\/v2\/pages\/3290","targetHints":{"allow":["GET"]}}],"collection":[{"href":"https:\/\/gruenig.werbequelle.de\/en\/wp-json\/wp\/v2\/pages"}],"about":[{"href":"https:\/\/gruenig.werbequelle.de\/en\/wp-json\/wp\/v2\/types\/page"}],"author":[{"embeddable":true,"href":"https:\/\/gruenig.werbequelle.de\/en\/wp-json\/wp\/v2\/users\/10"}],"replies":[{"embeddable":true,"href":"https:\/\/gruenig.werbequelle.de\/en\/wp-json\/wp\/v2\/comments?post=3290"}],"version-history":[{"count":1,"href":"https:\/\/gruenig.werbequelle.de\/en\/wp-json\/wp\/v2\/pages\/3290\/revisions"}],"predecessor-version":[{"id":3291,"href":"https:\/\/gruenig.werbequelle.de\/en\/wp-json\/wp\/v2\/pages\/3290\/revisions\/3291"}],"up":[{"embeddable":true,"href":"https:\/\/gruenig.werbequelle.de\/en\/wp-json\/wp\/v2\/pages\/2980"}],"wp:attachment":[{"href":"https:\/\/gruenig.werbequelle.de\/en\/wp-json\/wp\/v2\/media?parent=3290"}],"curies":[{"name":"wp","href":"https:\/\/api.w.org\/{rel}","templated":true}]}}