{"id":3270,"date":"2025-12-24T06:17:00","date_gmt":"2025-12-24T05:17:00","guid":{"rendered":"https:\/\/gruenig.werbequelle.de\/industry-solutions\/parks\/"},"modified":"2025-12-25T03:19:10","modified_gmt":"2025-12-25T02:19:10","slug":"parks","status":"publish","type":"page","link":"https:\/\/gruenig.werbequelle.de\/en\/industry-solutions\/parks\/","title":{"rendered":"Parks"},"content":{"rendered":"<div class=\"et_pb_section_0 et_pb_section et_section_regular et_block_section preset--group--divi-section--divi-background--default preset--module--divi-section--default\">\n<div class=\"et_pb_row_0 et_pb_row et_pb_gutters3 et_block_row preset--group--divi-row--divi-background--default preset--module--divi-row--default\">\n<div class=\"et_pb_column_0 et_pb_column et_pb_column_4_4 et-last-child et_block_column et_pb_css_mix_blend_mode_passthrough preset--group--divi-column--divi-background--default preset--module--divi-column--default\">\n<div class=\"et_pb_text_0 et_pb_text et_pb_bg_layout_light et_pb_module et_block_module preset--group--divi-text--divi-background--default preset--group--divi-text--divi-font-header--default preset--group--divi-text--divi-font-body--p3ap1n3p96 preset--module--divi-text--default\"><div class=\"et_pb_text_inner\"><h1>Sweeper, lawnmower, hedge trimmer &amp; more in one \u2013 for beautifully maintained parks<\/h1>\n<\/div><\/div>\n<\/div>\n<\/div>\n\n<div class=\"et_pb_row_1 et_pb_row et_pb_gutters3 et_block_row preset--group--divi-row--divi-background--default preset--module--divi-row--default\">\n<div class=\"et_pb_column_1 et_pb_column et_pb_column_1_2 et_block_column et_pb_css_mix_blend_mode_passthrough preset--group--divi-column--divi-background--default preset--module--divi-column--default\">\n<div class=\"et_pb_gallery_0 et_pb_gallery et_pb_bg_layout_light et_pb_slider et_pb_gallery_fullwidth clearfix et_pb_slider_no_pagination et_pb_module preset--module--divi-gallery--e3f4ohdmdy\" data-auto-rotate=\"off\" data-auto-rotate-speed=\"\"><div class=\"et_pb_gallery_items et_post_gallery clearfix\" data-per_page=\"4\"><div class=\"et_pb_gallery_item et_pb_gallery_item_0_0\"><div class=\"et_pb_gallery_image landscape\" data-per_page=\"4\"><a href=\"https:\/\/gruenig.werbequelle.de\/wp-content\/uploads\/2025\/10\/48600092061_104efe2d5a_b.webp\" title=\"\"><img decoding=\"async\" width=\"1024\" height=\"768\" src=\"https:\/\/gruenig.werbequelle.de\/wp-content\/uploads\/2025\/10\/48600092061_104efe2d5a_b.webp\" alt=\"GSA 1500 an kleinem Traktor\" class=\"wp-image-1840\" srcset=\"https:\/\/gruenig.werbequelle.de\/wp-content\/uploads\/2025\/10\/48600092061_104efe2d5a_b.webp 1024w, https:\/\/gruenig.werbequelle.de\/wp-content\/uploads\/2025\/10\/48600092061_104efe2d5a_b-980x735.webp 980w, https:\/\/gruenig.werbequelle.de\/wp-content\/uploads\/2025\/10\/48600092061_104efe2d5a_b-480x360.webp 480w\" sizes=\"(min-width: 0px) and (max-width: 480px) 480px, (min-width: 481px) and (max-width: 980px) 980px, (min-width: 981px) 1024px, 100vw\" \/><span class=\"et_overlay\" data-icon=\"\" data-icon-tablet=\"\" data-icon-phone=\"\"><\/span><\/a><\/div><\/div><div class=\"et_pb_gallery_item et_pb_gallery_item_0_1\"><div class=\"et_pb_gallery_image landscape\" data-per_page=\"4\"><a href=\"https:\/\/gruenig.werbequelle.de\/wp-content\/uploads\/2025\/10\/48600091741_746a602cc1_b.webp\" title=\"\"><img decoding=\"async\" width=\"1024\" height=\"683\" src=\"https:\/\/gruenig.werbequelle.de\/wp-content\/uploads\/2025\/10\/48600091741_746a602cc1_b.webp\" alt=\"GSA Kerhmaschine kehrt Laub\" class=\"wp-image-1839\" srcset=\"https:\/\/gruenig.werbequelle.de\/wp-content\/uploads\/2025\/10\/48600091741_746a602cc1_b.webp 1024w, https:\/\/gruenig.werbequelle.de\/wp-content\/uploads\/2025\/10\/48600091741_746a602cc1_b-980x654.webp 980w, https:\/\/gruenig.werbequelle.de\/wp-content\/uploads\/2025\/10\/48600091741_746a602cc1_b-480x320.webp 480w\" sizes=\"(min-width: 0px) and (max-width: 480px) 480px, (min-width: 481px) and (max-width: 980px) 980px, (min-width: 981px) 1024px, 100vw\" \/><span class=\"et_overlay\" data-icon=\"\" data-icon-tablet=\"\" data-icon-phone=\"\"><\/span><\/a><\/div><\/div><div class=\"et_pb_gallery_item et_pb_gallery_item_0_2\"><div class=\"et_pb_gallery_image landscape\" data-per_page=\"4\"><a href=\"https:\/\/gruenig.werbequelle.de\/wp-content\/uploads\/2025\/09\/Uni-truck_GSV_Modelle.webp\" title=\"\"><img decoding=\"async\" width=\"726\" height=\"408\" src=\"https:\/\/gruenig.werbequelle.de\/wp-content\/uploads\/2025\/09\/Uni-truck_GSV_Modelle.webp\" alt=\"Uni-truck GSV Modelle\" class=\"wp-image-1325\" srcset=\"https:\/\/gruenig.werbequelle.de\/wp-content\/uploads\/2025\/09\/Uni-truck_GSV_Modelle.webp 726w, https:\/\/gruenig.werbequelle.de\/wp-content\/uploads\/2025\/09\/Uni-truck_GSV_Modelle-480x270.webp 480w\" sizes=\"(min-width: 0px) and (max-width: 480px) 480px, (min-width: 481px) 726px, 100vw\" \/><span class=\"et_overlay\" data-icon=\"\" data-icon-tablet=\"\" data-icon-phone=\"\"><\/span><\/a><\/div><\/div><div class=\"et_pb_gallery_item et_pb_gallery_item_0_3\"><div class=\"et_pb_gallery_image landscape\" data-per_page=\"4\"><a href=\"https:\/\/gruenig.werbequelle.de\/wp-content\/uploads\/2025\/09\/Uni-Truck-Heckenschere.webp\" title=\"\"><img decoding=\"async\" width=\"726\" height=\"408\" src=\"https:\/\/gruenig.werbequelle.de\/wp-content\/uploads\/2025\/09\/Uni-Truck-Heckenschere.webp\" alt=\"Uni-Truck Heckenschere\" class=\"wp-image-1466\" srcset=\"https:\/\/gruenig.werbequelle.de\/wp-content\/uploads\/2025\/09\/Uni-Truck-Heckenschere.webp 726w, https:\/\/gruenig.werbequelle.de\/wp-content\/uploads\/2025\/09\/Uni-Truck-Heckenschere-480x270.webp 480w\" sizes=\"(min-width: 0px) and (max-width: 480px) 480px, (min-width: 481px) 726px, 100vw\" \/><span class=\"et_overlay\" data-icon=\"\" data-icon-tablet=\"\" data-icon-phone=\"\"><\/span><\/a><\/div><\/div><div class=\"et_pb_gallery_item et_pb_gallery_item_0_4\"><div class=\"et_pb_gallery_image landscape\" data-per_page=\"4\"><a href=\"https:\/\/gruenig.werbequelle.de\/wp-content\/uploads\/2025\/09\/Uni-Truck-Schaufel-2.jpg\" title=\"\"><img decoding=\"async\" width=\"1200\" height=\"675\" src=\"https:\/\/gruenig.werbequelle.de\/wp-content\/uploads\/2025\/09\/Uni-Truck-Schaufel-2.jpg\" alt=\"Uni-Truck Schaufel 2\" class=\"wp-image-1431\" srcset=\"https:\/\/gruenig.werbequelle.de\/wp-content\/uploads\/2025\/09\/Uni-Truck-Schaufel-2.jpg 1200w, https:\/\/gruenig.werbequelle.de\/wp-content\/uploads\/2025\/09\/Uni-Truck-Schaufel-2-980x551.jpg 980w, https:\/\/gruenig.werbequelle.de\/wp-content\/uploads\/2025\/09\/Uni-Truck-Schaufel-2-480x270.jpg 480w\" sizes=\"(min-width: 0px) and (max-width: 480px) 480px, (min-width: 481px) and (max-width: 980px) 980px, (min-width: 981px) 1200px, 100vw\" \/><span class=\"et_overlay\" data-icon=\"\" data-icon-tablet=\"\" data-icon-phone=\"\"><\/span><\/a><\/div><\/div><div class=\"et_pb_gallery_item et_pb_gallery_item_0_5\"><div class=\"et_pb_gallery_image landscape\" data-per_page=\"4\"><a href=\"https:\/\/gruenig.werbequelle.de\/wp-content\/uploads\/2025\/09\/Uni-Truck_Anbau-Schneeraeumschild_1-scaled.jpg\" title=\"\"><img decoding=\"async\" width=\"1800\" height=\"1200\" src=\"https:\/\/gruenig.werbequelle.de\/wp-content\/uploads\/2025\/09\/Uni-Truck_Anbau-Schneeraeumschild_1-scaled.jpg\" alt=\"Uni-Truck Anbau-Schneer\u00e4umschild 1\" class=\"wp-image-1384\" srcset=\"https:\/\/gruenig.werbequelle.de\/wp-content\/uploads\/2025\/09\/Uni-Truck_Anbau-Schneeraeumschild_1-scaled.jpg 1800w, https:\/\/gruenig.werbequelle.de\/wp-content\/uploads\/2025\/09\/Uni-Truck_Anbau-Schneeraeumschild_1-1280x854.jpg 1280w, https:\/\/gruenig.werbequelle.de\/wp-content\/uploads\/2025\/09\/Uni-Truck_Anbau-Schneeraeumschild_1-980x653.jpg 980w, https:\/\/gruenig.werbequelle.de\/wp-content\/uploads\/2025\/09\/Uni-Truck_Anbau-Schneeraeumschild_1-480x320.jpg 480w\" sizes=\"(min-width: 0px) and (max-width: 480px) 480px, (min-width: 481px) and (max-width: 980px) 980px, (min-width: 981px) and (max-width: 1280px) 1280px, (min-width: 1281px) 1800px, 100vw\" \/><span class=\"et_overlay\" data-icon=\"\" data-icon-tablet=\"\" data-icon-phone=\"\"><\/span><\/a><\/div><\/div><\/div><\/div>\n<\/div>\n\n<div class=\"et_pb_column_2 et_pb_column et_pb_column_1_2 et-last-child et_block_column et_pb_css_mix_blend_mode_passthrough preset--group--divi-column--divi-background--default preset--module--divi-column--default\">\n<div class=\"et_pb_text_1 et_pb_text et_pb_bg_layout_light et_pb_module et_block_module preset--group--divi-text--divi-background--default preset--group--divi-text--divi-font-header--default preset--group--divi-text--divi-font-body--default preset--module--divi-text--default\"><div class=\"et_pb_text_inner\"><p>Parks primarily serve to beautify and provide recreation. To ensure both, regular cleaning of the paths and professional maintenance of the green spaces are essential. And even in winter, parks require special attention, as snow and ice quickly pose a high risk of injury to visitors. If you have been entrusted with the maintenance of public and private parks, the GR\u00dcNIG Uni-Truck is an excellent choice. Together with the corresponding GR\u00dcNIG attachment, the GR\u00dcNIG Uni-Truck can mow the lawn, sweep paths and parking lots, perform winter services, transport material and excavation material, and much more. The corresponding attachments can be coupled in seconds. This makes the GR\u00dcNIG Uni-Truck not only a sweeper, but a true all-round talent and absolutely professional in every application! These are the qualities that quickly make the GR\u00dcNIG Uni-Truck indispensable in leisure and park facilities.       <\/p>\n<\/div><\/div>\n<\/div>\n<\/div>\n\n<div class=\"et_pb_row_2 et_pb_row et_flex_row preset--group--divi-row--divi-background--default preset--module--divi-row--default\">\n<div class=\"et_pb_column_3 et_pb_column et-last-child et_flex_column et_pb_css_mix_blend_mode_passthrough et_flex_column_24_24 et_flex_column_12_24_tablet et_flex_column_24_24_phone et_flex_column_24_24_phoneWide et_flex_column_12_24_tabletWide preset--group--divi-column--divi-background--default preset--module--divi-column--default\">\n<div class=\"et_pb_text_2 et_pb_text et_pb_bg_layout_light et_pb_module et_flex_module preset--group--divi-text--divi-background--default preset--group--divi-text--divi-font-header--default preset--group--divi-text--divi-font-body--default preset--module--divi-text--default\"><div class=\"et_pb_text_inner\"><h2>GR\u00dcNIG attachment or ride-on sweeper for clean parks<\/h2>\n<p>Even if you only need a high-quality sweeper for cleaning the parks entrusted to you, you will not be disappointed at GR\u00dcNIG: In addition to the UNI-Truck multi-function vehicle, you can also purchase first-class attachment sweepers from GR\u00dcNIG, which can be easily connected to existing carrier vehicles. If no carrier vehicle is available, the GR\u00dcNIG Kehr-Fuchs also does an excellent job. <\/p>\n<p>No matter which variant you choose \u2013 whether stand-alone or attachment model: A GR\u00dcNIG sweeper makes no compromises! Even if the terrain of the respective parks is uneven or muddy due to the weather, leaves, glass, paper or wood waste, coarse, very fine and wet sweepings are reliably swept up. And thanks to an optional side brush, dirt is completely removed from difficult corners and edges into the generous dirt containers. A special full encapsulation, with which every GR\u00dcNIG sweeper is equipped, ensures almost dust-free working.   <\/p>\n<\/div><\/div>\n<\/div>\n<\/div>\n\n<div class=\"et_pb_row_3 et_pb_row et_flex_row preset--group--divi-row--divi-background--default preset--module--divi-row--default\">\n<div class=\"et_pb_column_4 et_pb_column et-last-child et_flex_column et_pb_css_mix_blend_mode_passthrough et_flex_column_24_24 et_flex_column_12_24_tablet et_flex_column_24_24_phone et_flex_column_24_24_phoneWide et_flex_column_12_24_tabletWide preset--group--divi-column--divi-background--default preset--module--divi-column--default\">\n<div class=\"et_pb_blurb_0 et_pb_blurb et_pb_bg_layout_light et_pb_blurb_position_top et_clickable et_pb_module et_block_module preset--module--divi-blurb--rl1iur75kt\"><div class=\"et_pb_blurb_content\"><div class=\"et_pb_main_blurb_image\"><span class=\"et_pb_image_wrap et_pb_only_image_mode_wrap\"><img decoding=\"async\" src=\"https:\/\/gruenig.werbequelle.de\/wp-content\/uploads\/2025\/12\/gruenig-unitruck-400x229-1.jpg\" alt=\"gruenig unitruck 400x229\" width=\"400\" height=\"229\" srcset=\"https:\/\/gruenig.werbequelle.de\/wp-content\/uploads\/2025\/12\/gruenig-unitruck-400x229-1.jpg 400w, https:\/\/gruenig.werbequelle.de\/wp-content\/uploads\/2025\/12\/gruenig-unitruck-400x229-1-300x172.jpg 300w\" sizes=\"(max-width: 400px) 100vw, 400px\" class=\"et_animated wp-image-3122\" \/><\/span><\/div><div class=\"et_pb_blurb_container\"><h3 class=\"et_pb_module_header\">Uni-Truck<\/h3><\/div><\/div><\/div>\n\n<div class=\"et_pb_blurb_1 et_pb_blurb et_pb_bg_layout_light et_pb_blurb_position_top et_clickable et_pb_module et_block_module preset--module--divi-blurb--rl1iur75kt\"><div class=\"et_pb_blurb_content\"><div class=\"et_pb_main_blurb_image\"><span class=\"et_pb_image_wrap et_pb_only_image_mode_wrap\"><img decoding=\"async\" src=\"https:\/\/gruenig.werbequelle.de\/wp-content\/uploads\/2025\/05\/gso-1.jpg\" alt=\"GSO iso\" width=\"700\" height=\"400\" srcset=\"https:\/\/gruenig.werbequelle.de\/wp-content\/uploads\/2025\/05\/gso-1.jpg 700w, https:\/\/gruenig.werbequelle.de\/wp-content\/uploads\/2025\/05\/gso-1-480x274.jpg 480w\" sizes=\"(min-width: 0px) and (max-width: 480px) 480px, (min-width: 481px) 700px, 100vw\" class=\"et_animated wp-image-611\" title=\"gso-1\" \/><\/span><\/div><div class=\"et_pb_blurb_container\"><h3 class=\"et_pb_module_header\">Attachment Sweeper GSO<\/h3><\/div><\/div><\/div>\n\n<div class=\"et_pb_blurb_2 et_pb_blurb et_pb_bg_layout_light et_pb_blurb_position_top et_clickable et_pb_module et_block_module preset--module--divi-blurb--rl1iur75kt\"><div class=\"et_pb_blurb_content\"><div class=\"et_pb_main_blurb_image\"><span class=\"et_pb_image_wrap et_pb_only_image_mode_wrap\"><img decoding=\"async\" src=\"https:\/\/gruenig.werbequelle.de\/wp-content\/uploads\/2025\/12\/gsv-400x229-1.jpg\" alt=\"GSV iso\" width=\"400\" height=\"229\" srcset=\"https:\/\/gruenig.werbequelle.de\/wp-content\/uploads\/2025\/12\/gsv-400x229-1.jpg 400w, https:\/\/gruenig.werbequelle.de\/wp-content\/uploads\/2025\/12\/gsv-400x229-1-300x172.jpg 300w\" sizes=\"(max-width: 400px) 100vw, 400px\" class=\"et_animated wp-image-3158\" \/><\/span><\/div><div class=\"et_pb_blurb_container\"><h3 class=\"et_pb_module_header\">Attachment sweeping machine GSV<\/h3><\/div><\/div><\/div>\n\n<div class=\"et_pb_blurb_3 et_pb_blurb et_pb_bg_layout_light et_pb_blurb_position_top et_clickable et_pb_module et_block_module preset--module--divi-blurb--rl1iur75kt\"><div class=\"et_pb_blurb_content\"><div class=\"et_pb_main_blurb_image\"><span class=\"et_pb_image_wrap et_pb_only_image_mode_wrap\"><img decoding=\"async\" src=\"https:\/\/gruenig.werbequelle.de\/wp-content\/uploads\/2025\/05\/gruenig-kehrmaschine-1.jpg\" width=\"700\" height=\"400\" srcset=\"https:\/\/gruenig.werbequelle.de\/wp-content\/uploads\/2025\/05\/gruenig-kehrmaschine-1.jpg 700w, https:\/\/gruenig.werbequelle.de\/wp-content\/uploads\/2025\/05\/gruenig-kehrmaschine-1-480x274.jpg 480w\" sizes=\"(min-width: 0px) and (max-width: 480px) 480px, (min-width: 481px) 700px, 100vw\" class=\"et_animated wp-image-608\" alt=\"gruenig-kehrmaschine-1\" \/><\/span><\/div><div class=\"et_pb_blurb_container\"><h3 class=\"et_pb_module_header\">Attachment Sweeper GSX<\/h3><\/div><\/div><\/div>\n\n<div class=\"et_pb_blurb_4 et_pb_blurb et_pb_bg_layout_light et_pb_blurb_position_top et_clickable et_pb_module et_block_module preset--module--divi-blurb--rl1iur75kt\"><div class=\"et_pb_blurb_content\"><div class=\"et_pb_main_blurb_image\"><span class=\"et_pb_image_wrap et_pb_only_image_mode_wrap\"><img decoding=\"async\" src=\"https:\/\/gruenig.werbequelle.de\/wp-content\/uploads\/2025\/05\/gsw-1.jpg\" alt=\"gsw-1\" width=\"700\" height=\"400\" srcset=\"https:\/\/gruenig.werbequelle.de\/wp-content\/uploads\/2025\/05\/gsw-1.jpg 700w, https:\/\/gruenig.werbequelle.de\/wp-content\/uploads\/2025\/05\/gsw-1-480x274.jpg 480w\" sizes=\"(min-width: 0px) and (max-width: 480px) 480px, (min-width: 481px) 700px, 100vw\" class=\"et_animated wp-image-609\" title=\"gso-1\" \/><\/span><\/div><div class=\"et_pb_blurb_container\"><h3 class=\"et_pb_module_header\">Attachment Sweeper GSW<\/h3><\/div><\/div><\/div>\n\n<div class=\"et_pb_blurb_5 et_pb_blurb et_pb_bg_layout_light et_pb_blurb_position_top et_clickable et_pb_module et_block_module preset--module--divi-blurb--rl1iur75kt\"><div class=\"et_pb_blurb_content\"><div class=\"et_pb_main_blurb_image\"><span class=\"et_pb_image_wrap et_pb_only_image_mode_wrap\"><img decoding=\"async\" src=\"https:\/\/gruenig.werbequelle.de\/wp-content\/uploads\/2025\/05\/kehrfucks-1.jpg\" alt=\"Kehrfucks 1\" width=\"700\" height=\"400\" srcset=\"https:\/\/gruenig.werbequelle.de\/wp-content\/uploads\/2025\/05\/kehrfucks-1.jpg 700w, https:\/\/gruenig.werbequelle.de\/wp-content\/uploads\/2025\/05\/kehrfucks-1-480x274.jpg 480w\" sizes=\"(min-width: 0px) and (max-width: 480px) 480px, (min-width: 481px) 700px, 100vw\" class=\"et_animated wp-image-610\" title=\"gso-1\" \/><\/span><\/div><div class=\"et_pb_blurb_container\"><h3 class=\"et_pb_module_header\">Kehr-Fuchs<\/h3><\/div><\/div><\/div>\n<\/div>\n<\/div>\n\n<div class=\"et_pb_row_4 et_pb_row et_flex_row preset--group--divi-row--divi-background--default preset--module--divi-row--default\">\n<div class=\"et_pb_column_5 et_pb_column et-last-child et_flex_column et_pb_css_mix_blend_mode_passthrough et_flex_column_24_24 et_flex_column_12_24_tablet et_flex_column_24_24_phone et_flex_column_24_24_phoneWide et_flex_column_12_24_tabletWide preset--group--divi-column--divi-background--default preset--module--divi-column--default\">\n<div class=\"et_pb_text_3 et_pb_text et_pb_bg_layout_light et_pb_module et_flex_module preset--group--divi-text--divi-background--default preset--group--divi-text--divi-font-header--default preset--group--divi-text--divi-font-body--default preset--module--divi-text--default\"><div class=\"et_pb_text_inner\"><h3>Snow sweeper, snowplow &amp; salt spreaders: Making parks safe in winter<\/h3>\n<p>The GR\u00dcNIG product range also includes efficient winter attachments, such as snow sweepers, snowplows and salt and grit spreaders, made in Germany, which are essential as soon as the first snow falls. These can also be attached to all common carrier vehicles in seconds, which in turn can be ideally used in their downtimes. Another advantage: Despite their exemplary \"Made in Germany\" design, GR\u00dcNIG winter attachments impress with an extremely attractive price-performance ratio.  <\/p>\n<h3>GR\u00dcNIG sweeper, winter service equipment &amp; multi-vehicle \u2013 for parks with a feel-good factor<\/h3>\n<p>Whether ride-on sweeper, multi-function vehicle or attachment: If you or your company are responsible for the maintenance and cleaning of parks and are looking for a machine that will uncompromisingly support you in all tasks, the answer is always GR\u00dcNIG. See for yourself the quality features that each individual GR\u00dcNIG machine has to offer. <\/p>\n<h4>Whether for cleaning, winter service or green maintenance: Machines from the German manufacturer GR\u00dcNIG are \u2026<\/h4>\n<p>\u2713 solidly manufactured<br \/>\u2713 extremely powerful<br \/>\u2713 low-maintenance<br \/>\u2713 maneuverable<br \/>\u2713 easy to use<br \/>\u2713 always ready for use<\/p>\n<p>At the same time, these \"Made in Germany\" machines remain affordable, because at GR\u00dcNIG you benefit from fair manufacturer prices. If you are unsure which GR\u00dcNIG industrial machine is the right choice for your individual needs, simply contact us \u2013 we will be happy to advise you in detail and, of course, completely without obligation! <\/p>\n<\/div><\/div>\n<\/div>\n<\/div>\n\n<div class=\"et_pb_row_5 et_pb_row et_pb_gutters3 et_block_row preset--group--divi-row--divi-background--default preset--module--divi-row--default\">\n<div class=\"et_pb_column_6 et_pb_column et_pb_column_4_4 et-last-child et_block_column et_pb_css_mix_blend_mode_passthrough preset--group--divi-column--divi-background--default preset--module--divi-column--default\">\n<div class=\"et_pb_module et_pb_button_module_wrapper et_pb_button_0_wrapper preset--group--divi-button--divi-background--default_wrapper preset--group--divi-button--divi-button--default_wrapper preset--group--divi-button--divi-font--default_wrapper preset--module--divi-button--default_wrapper\"><a class=\"et_pb_button_0 et_pb_button et_pb_bg_layout_light et_pb_module et_block_module preset--group--divi-button--divi-background--default preset--group--divi-button--divi-button--default preset--group--divi-button--divi-font--default preset--module--divi-button--default\" href=\"https:\/\/gruenig.werbequelle.de\/en\/industry-solutions\/\">View all industries<\/a><\/div>\n<\/div>\n<\/div>\n<\/div>","protected":false},"excerpt":{"rendered":"","protected":false},"author":10,"featured_media":0,"parent":2980,"menu_order":0,"comment_status":"closed","ping_status":"closed","template":"","meta":{"footnotes":""},"class_list":["post-3270","page","type-page","status-publish","hentry"],"_links":{"self":[{"href":"https:\/\/gruenig.werbequelle.de\/en\/wp-json\/wp\/v2\/pages\/3270","targetHints":{"allow":["GET"]}}],"collection":[{"href":"https:\/\/gruenig.werbequelle.de\/en\/wp-json\/wp\/v2\/pages"}],"about":[{"href":"https:\/\/gruenig.werbequelle.de\/en\/wp-json\/wp\/v2\/types\/page"}],"author":[{"embeddable":true,"href":"https:\/\/gruenig.werbequelle.de\/en\/wp-json\/wp\/v2\/users\/10"}],"replies":[{"embeddable":true,"href":"https:\/\/gruenig.werbequelle.de\/en\/wp-json\/wp\/v2\/comments?post=3270"}],"version-history":[{"count":1,"href":"https:\/\/gruenig.werbequelle.de\/en\/wp-json\/wp\/v2\/pages\/3270\/revisions"}],"predecessor-version":[{"id":3271,"href":"https:\/\/gruenig.werbequelle.de\/en\/wp-json\/wp\/v2\/pages\/3270\/revisions\/3271"}],"up":[{"embeddable":true,"href":"https:\/\/gruenig.werbequelle.de\/en\/wp-json\/wp\/v2\/pages\/2980"}],"wp:attachment":[{"href":"https:\/\/gruenig.werbequelle.de\/en\/wp-json\/wp\/v2\/media?parent=3270"}],"curies":[{"name":"wp","href":"https:\/\/api.w.org\/{rel}","templated":true}]}}