{"id":3260,"date":"2025-12-22T02:08:22","date_gmt":"2025-12-22T01:08:22","guid":{"rendered":"https:\/\/gruenig.werbequelle.de\/industry-solutions\/wood-processing\/"},"modified":"2025-12-25T03:19:10","modified_gmt":"2025-12-25T02:19:10","slug":"wood-processing","status":"publish","type":"page","link":"https:\/\/gruenig.werbequelle.de\/en\/industry-solutions\/wood-processing\/","title":{"rendered":"Wood processing"},"content":{"rendered":"<div class=\"et_pb_section_0 et_pb_section et_section_regular et_block_section preset--group--divi-section--divi-background--default preset--module--divi-section--default\">\n<div class=\"et_pb_row_0 et_pb_row et_pb_gutters3 et_block_row preset--group--divi-row--divi-background--default preset--module--divi-row--default\">\n<div class=\"et_pb_column_0 et_pb_column et_pb_column_4_4 et-last-child et_block_column et_pb_css_mix_blend_mode_passthrough preset--group--divi-column--divi-background--default preset--module--divi-column--default\">\n<div class=\"et_pb_text_0 et_pb_text et_pb_bg_layout_light et_pb_module et_block_module preset--group--divi-text--divi-background--default preset--group--divi-text--divi-font-header--default preset--group--divi-text--divi-font-body--p3ap1n3p96 preset--module--divi-text--default\"><div class=\"et_pb_text_inner\"><h1>GR\u00dcNIG Sweeper for Wood Processing<\/h1>\n<\/div><\/div>\n<\/div>\n<\/div>\n\n<div class=\"et_pb_row_1 et_pb_row et_pb_gutters3 et_block_row preset--group--divi-row--divi-background--default preset--module--divi-row--default\">\n<div class=\"et_pb_column_1 et_pb_column et_pb_column_4_4 et-last-child et_block_column et_pb_css_mix_blend_mode_passthrough preset--group--divi-column--divi-background--default preset--module--divi-column--default\">\n<div class=\"et_pb_text_1 et_pb_text et_pb_bg_layout_light et_pb_module et_block_module preset--group--divi-text--divi-background--default preset--group--divi-text--divi-font-header--default preset--group--divi-text--divi-font-body--default preset--module--divi-text--default\"><div class=\"et_pb_text_inner\"><p>Tons of sawdust and wood dust are commonplace in companies specializing in wood processing. Completely removing these without creating bothersome dust swirls presents a particular challenge for manufacturers of sweepers. GR\u00dcNIG has successfully met this challenge. The result is machines equipped with special full encapsulation. This ensures that the finest debris (such as wood dust or shavings) can be collected without disruptive dust swirls. In other words, where conventional sweepers have to give up, GR\u00dcNIG sweepers run at full speed! So, if you are looking for a sweeper that is ideally suited for use in wood processing, a model from GR\u00dcNIG is an excellent choice!      <\/p>\n<\/div><\/div>\n<\/div>\n<\/div>\n\n<div class=\"et_pb_row_2 et_pb_row et_pb_gutters3 et_block_row preset--group--divi-row--divi-background--default preset--module--divi-row--default\">\n<div class=\"et_pb_column_2 et_pb_column et_pb_column_1_2 et_block_column et_pb_css_mix_blend_mode_passthrough preset--group--divi-column--divi-background--default preset--module--divi-column--default\">\n<div class=\"et_pb_gallery_0 et_pb_gallery et_pb_bg_layout_light et_pb_slider et_pb_gallery_fullwidth clearfix et_pb_slider_no_pagination et_pb_module preset--module--divi-gallery--e3f4ohdmdy\" data-auto-rotate=\"off\" data-auto-rotate-speed=\"\"><div class=\"et_pb_gallery_items et_post_gallery clearfix\" data-per_page=\"4\"><div class=\"et_pb_gallery_item et_pb_gallery_item_0_0\"><div class=\"et_pb_gallery_image landscape\" data-per_page=\"4\"><a href=\"https:\/\/gruenig.werbequelle.de\/wp-content\/uploads\/2025\/12\/kehrmaschinengabelstaplergsx2000-670.jpg\" title=\"kehrmaschinengabelstaplergsx2000-670\"><img decoding=\"async\" width=\"278\" height=\"220\" src=\"https:\/\/gruenig.werbequelle.de\/wp-content\/uploads\/2025\/12\/kehrmaschinengabelstaplergsx2000-670.jpg\" alt=\"\" class=\"wp-image-3183\" \/><span class=\"et_overlay\" data-icon=\"\" data-icon-tablet=\"\" data-icon-phone=\"\"><\/span><\/a><\/div><\/div><div class=\"et_pb_gallery_item et_pb_gallery_item_0_1\"><div class=\"et_pb_gallery_image landscape\" data-per_page=\"4\"><a href=\"https:\/\/gruenig.werbequelle.de\/wp-content\/uploads\/2025\/08\/holzabfaelle_kehren_thumb.webp\" title=\"\"><img decoding=\"async\" width=\"333\" height=\"249\" src=\"https:\/\/gruenig.werbequelle.de\/wp-content\/uploads\/2025\/08\/holzabfaelle_kehren_thumb.webp\" alt=\"Holzabf\u00e4lle kehren mit Gr\u00fcnig Kehrmaschine f\u00fcr Radlader\" class=\"wp-image-3818\" srcset=\"https:\/\/gruenig.werbequelle.de\/wp-content\/uploads\/2025\/08\/holzabfaelle_kehren_thumb.webp 333w, https:\/\/gruenig.werbequelle.de\/wp-content\/uploads\/2025\/08\/holzabfaelle_kehren_thumb-300x224.webp 300w\" sizes=\"(max-width: 333px) 100vw, 333px\" \/><span class=\"et_overlay\" data-icon=\"\" data-icon-tablet=\"\" data-icon-phone=\"\"><\/span><\/a><\/div><\/div><\/div><\/div>\n<\/div>\n\n<div class=\"et_pb_column_3 et_pb_column et_pb_column_1_2 et-last-child et_block_column et_pb_css_mix_blend_mode_passthrough preset--group--divi-column--divi-background--default preset--module--divi-column--default\">\n<div class=\"et_pb_text_2 et_pb_text et_pb_bg_layout_light et_pb_module et_block_module preset--group--divi-text--divi-background--default preset--group--divi-text--divi-font-header--default preset--group--divi-text--divi-font-body--default preset--module--divi-text--default\"><div class=\"et_pb_text_inner\"><h2>With a GR\u00dcNIG sweeper, it's mercilessly clean \u2013 even in wood processing<\/h2>\n<p>Cleanliness, safety, and a representative appearance \u2013 all goals that can be easily achieved with a powerful sweeper. Invest in a GR\u00dcNIG sweeper and you will not only receive a device that ensures excellent cleaning results in wood processing. In addition to the innovative sweeping technology \"Made in Germany\", each individual model scores with the following quality features:  <\/p>\n<ul>\n<li>robust construction<\/li>\n<li>particularly efficient and powerful<\/li>\n<li>can also be used in uneven terrain<\/li>\n<li>low-maintenance and durable<\/li>\n<li>fair manufacturer price<\/li>\n<li>easy to use.<\/li>\n<\/ul>\n<p>&nbsp;<\/p>\n<\/div><\/div>\n<\/div>\n<\/div>\n\n<div class=\"et_pb_row_3 et_pb_row et_flex_row preset--group--divi-row--divi-background--default preset--module--divi-row--default\">\n<div class=\"et_pb_column_4 et_pb_column et-last-child et_flex_column et_pb_css_mix_blend_mode_passthrough et_flex_column_24_24 et_flex_column_12_24_tablet et_flex_column_24_24_phone et_flex_column_24_24_phoneWide et_flex_column_12_24_tabletWide preset--group--divi-column--divi-background--default preset--module--divi-column--default\">\n<div class=\"et_pb_blurb_0 et_pb_blurb et_pb_bg_layout_light et_pb_blurb_position_top et_clickable et_pb_module et_block_module preset--module--divi-blurb--rl1iur75kt\"><div class=\"et_pb_blurb_content\"><div class=\"et_pb_main_blurb_image\"><span class=\"et_pb_image_wrap et_pb_only_image_mode_wrap\"><img decoding=\"async\" src=\"https:\/\/gruenig.werbequelle.de\/wp-content\/uploads\/2025\/05\/gso-1.jpg\" alt=\"GSO iso\" width=\"700\" height=\"400\" srcset=\"https:\/\/gruenig.werbequelle.de\/wp-content\/uploads\/2025\/05\/gso-1.jpg 700w, https:\/\/gruenig.werbequelle.de\/wp-content\/uploads\/2025\/05\/gso-1-480x274.jpg 480w\" sizes=\"(min-width: 0px) and (max-width: 480px) 480px, (min-width: 481px) 700px, 100vw\" class=\"et_animated wp-image-611\" title=\"gso-1\" \/><\/span><\/div><div class=\"et_pb_blurb_container\"><h3 class=\"et_pb_module_header\">Attachment Sweeper GSO<\/h3><\/div><\/div><\/div>\n\n<div class=\"et_pb_blurb_1 et_pb_blurb et_pb_bg_layout_light et_pb_blurb_position_top et_clickable et_pb_module et_block_module preset--module--divi-blurb--rl1iur75kt\"><div class=\"et_pb_blurb_content\"><div class=\"et_pb_main_blurb_image\"><span class=\"et_pb_image_wrap et_pb_only_image_mode_wrap\"><img decoding=\"async\" src=\"https:\/\/gruenig.werbequelle.de\/wp-content\/uploads\/2025\/05\/gruenig-kehrmaschine-1.jpg\" width=\"700\" height=\"400\" srcset=\"https:\/\/gruenig.werbequelle.de\/wp-content\/uploads\/2025\/05\/gruenig-kehrmaschine-1.jpg 700w, https:\/\/gruenig.werbequelle.de\/wp-content\/uploads\/2025\/05\/gruenig-kehrmaschine-1-480x274.jpg 480w\" sizes=\"(min-width: 0px) and (max-width: 480px) 480px, (min-width: 481px) 700px, 100vw\" class=\"et_animated wp-image-608\" alt=\"gruenig-kehrmaschine-1\" \/><\/span><\/div><div class=\"et_pb_blurb_container\"><h3 class=\"et_pb_module_header\">Attachment Sweeper GSX<\/h3><\/div><\/div><\/div>\n\n<div class=\"et_pb_blurb_2 et_pb_blurb et_pb_bg_layout_light et_pb_blurb_position_top et_clickable et_pb_module et_block_module preset--module--divi-blurb--rl1iur75kt\"><div class=\"et_pb_blurb_content\"><div class=\"et_pb_main_blurb_image\"><span class=\"et_pb_image_wrap et_pb_only_image_mode_wrap\"><img decoding=\"async\" src=\"https:\/\/gruenig.werbequelle.de\/wp-content\/uploads\/2025\/05\/gsw-1.jpg\" alt=\"gsw-1\" width=\"700\" height=\"400\" srcset=\"https:\/\/gruenig.werbequelle.de\/wp-content\/uploads\/2025\/05\/gsw-1.jpg 700w, https:\/\/gruenig.werbequelle.de\/wp-content\/uploads\/2025\/05\/gsw-1-480x274.jpg 480w\" sizes=\"(min-width: 0px) and (max-width: 480px) 480px, (min-width: 481px) 700px, 100vw\" class=\"et_animated wp-image-609\" title=\"gso-1\" \/><\/span><\/div><div class=\"et_pb_blurb_container\"><h3 class=\"et_pb_module_header\">Attachment Sweeper GSW<\/h3><\/div><\/div><\/div>\n\n<div class=\"et_pb_blurb_3 et_pb_blurb et_pb_bg_layout_light et_pb_blurb_position_top et_clickable et_pb_module et_block_module preset--module--divi-blurb--rl1iur75kt\"><div class=\"et_pb_blurb_content\"><div class=\"et_pb_main_blurb_image\"><span class=\"et_pb_image_wrap et_pb_only_image_mode_wrap\"><img decoding=\"async\" src=\"https:\/\/gruenig.werbequelle.de\/wp-content\/uploads\/2025\/05\/kehrfucks-1.jpg\" alt=\"Kehrfucks 1\" width=\"700\" height=\"400\" srcset=\"https:\/\/gruenig.werbequelle.de\/wp-content\/uploads\/2025\/05\/kehrfucks-1.jpg 700w, https:\/\/gruenig.werbequelle.de\/wp-content\/uploads\/2025\/05\/kehrfucks-1-480x274.jpg 480w\" sizes=\"(min-width: 0px) and (max-width: 480px) 480px, (min-width: 481px) 700px, 100vw\" class=\"et_animated wp-image-610\" title=\"gso-1\" \/><\/span><\/div><div class=\"et_pb_blurb_container\"><h3 class=\"et_pb_module_header\">Kehr-Fuchs<\/h3><\/div><\/div><\/div>\n<\/div>\n<\/div>\n\n<div class=\"et_pb_row_4 et_pb_row et_flex_row preset--group--divi-row--divi-background--default preset--module--divi-row--default\">\n<div class=\"et_pb_column_5 et_pb_column et-last-child et_flex_column et_pb_css_mix_blend_mode_passthrough et_flex_column_24_24 et_flex_column_12_24_tablet et_flex_column_24_24_phone et_flex_column_24_24_phoneWide et_flex_column_12_24_tabletWide preset--group--divi-column--divi-background--default preset--module--divi-column--default\">\n<div class=\"et_pb_text_3 et_pb_text et_pb_bg_layout_light et_pb_module et_flex_module preset--group--divi-text--divi-background--default preset--group--divi-text--divi-font-header--default preset--group--divi-text--divi-font-body--default preset--module--divi-text--default\"><div class=\"et_pb_text_inner\"><h3>GR\u00dcNIG offers the right sweeper for every need<\/h3>\n<p>Regardless of whether your company specializes in wood processing or is based in the chemical industry: Choose your \"Made in Germany\" sweeper from the broad GR\u00dcNIG product portfolio and ensure greater cleanliness and safety on your company premises from now on. GR\u00dcNIG offers several sweeper technology product families to choose from, which you can get an overview of below. <\/p>\n<h4>GR\u00dcNIG attachment sweepers:<\/h4>\n<p>GR\u00dcNIG offers a versatile range of different self-collecting attachment sweepers that have a fully hydraulic drive and can be easily connected to carrier vehicles that are already available in the wood processing plant. This means that short idle times of an existing vehicle, such as the wheel loader used in the sawmill, can be used efficiently as a sweeper. <\/p>\n<h4>GR\u00dcNIG Kehr-Fuchs:<\/h4>\n<p>Is there no carrier vehicle in your company that you could convert? No problem, because GR\u00dcNIG has the right sweeping solution for this too: The self-propelled GR\u00dcNIG Kehr-Fuchs is characterized in particular by three aspects: uncompromising cleaning, an enormous filling volume and easy handling. These properties make it the ideal \"stand-alone\" sweeper for large-area cleaning in wood processing.  <\/p>\n<h4>GR\u00dcNIG Uni-Truck<\/h4>\n<p>One for everything \u2013 you can take advantage of exactly this principle with the GR\u00dcNIG Uni-Truck. Thanks to an extensive range of different \"Uni-Truck\" attachments, the basic model of the multi-functional vehicle can be converted with just a few simple steps for use in various tasks. Regardless of whether you need a sweeper, a winter service device or a wheel loader: With the Uni-Truck, you can master all tasks in the field of large-area cleaning and maintenance with just one vehicle!  <\/p>\n<h3>Any questions? We would be happy to advise you! <\/h3>\n<p>If you would like advice on which model best suits your needs, simply contact us. We are happy to take the time to answer your questions and, thanks to our more than 30 years of professional experience, we can tell you exactly which of our models will pay off the most for you. <\/p>\n<\/div><\/div>\n<\/div>\n<\/div>\n\n<div class=\"et_pb_row_5 et_pb_row et_pb_gutters3 et_block_row preset--group--divi-row--divi-background--default preset--module--divi-row--default\">\n<div class=\"et_pb_column_6 et_pb_column et_pb_column_4_4 et-last-child et_block_column et_pb_css_mix_blend_mode_passthrough preset--group--divi-column--divi-background--default preset--module--divi-column--default\">\n<div class=\"et_pb_module et_pb_button_module_wrapper et_pb_button_0_wrapper preset--group--divi-button--divi-background--default_wrapper preset--group--divi-button--divi-button--default_wrapper preset--group--divi-button--divi-font--default_wrapper preset--module--divi-button--default_wrapper\"><a class=\"et_pb_button_0 et_pb_button et_pb_bg_layout_light et_pb_module et_block_module preset--group--divi-button--divi-background--default preset--group--divi-button--divi-button--default preset--group--divi-button--divi-font--default preset--module--divi-button--default\" href=\"https:\/\/gruenig.werbequelle.de\/en\/industry-solutions\/\">View all industries<\/a><\/div>\n<\/div>\n<\/div>\n<\/div>","protected":false},"excerpt":{"rendered":"","protected":false},"author":10,"featured_media":0,"parent":2980,"menu_order":0,"comment_status":"closed","ping_status":"closed","template":"","meta":{"footnotes":""},"class_list":["post-3260","page","type-page","status-publish","hentry"],"_links":{"self":[{"href":"https:\/\/gruenig.werbequelle.de\/en\/wp-json\/wp\/v2\/pages\/3260","targetHints":{"allow":["GET"]}}],"collection":[{"href":"https:\/\/gruenig.werbequelle.de\/en\/wp-json\/wp\/v2\/pages"}],"about":[{"href":"https:\/\/gruenig.werbequelle.de\/en\/wp-json\/wp\/v2\/types\/page"}],"author":[{"embeddable":true,"href":"https:\/\/gruenig.werbequelle.de\/en\/wp-json\/wp\/v2\/users\/10"}],"replies":[{"embeddable":true,"href":"https:\/\/gruenig.werbequelle.de\/en\/wp-json\/wp\/v2\/comments?post=3260"}],"version-history":[{"count":1,"href":"https:\/\/gruenig.werbequelle.de\/en\/wp-json\/wp\/v2\/pages\/3260\/revisions"}],"predecessor-version":[{"id":3262,"href":"https:\/\/gruenig.werbequelle.de\/en\/wp-json\/wp\/v2\/pages\/3260\/revisions\/3262"}],"up":[{"embeddable":true,"href":"https:\/\/gruenig.werbequelle.de\/en\/wp-json\/wp\/v2\/pages\/2980"}],"wp:attachment":[{"href":"https:\/\/gruenig.werbequelle.de\/en\/wp-json\/wp\/v2\/media?parent=3260"}],"curies":[{"name":"wp","href":"https:\/\/api.w.org\/{rel}","templated":true}]}}