{"id":3071,"date":"2025-12-01T12:14:28","date_gmt":"2025-12-01T11:14:28","guid":{"rendered":"https:\/\/gruenig.werbequelle.de\/products-2\/uni-truck-system\/lawn-sweeper\/"},"modified":"2025-12-17T14:29:21","modified_gmt":"2025-12-17T13:29:21","slug":"lawn-sweeper","status":"publish","type":"page","link":"https:\/\/gruenig.werbequelle.de\/en\/products\/uni-truck-system\/lawn-sweeper\/","title":{"rendered":"Lawn sweeper"},"content":{"rendered":"<div class=\"et_pb_section_0 et_pb_section et_section_regular et_block_section preset--group--divi-section--divi-background--default preset--module--divi-section--default\" id=\"Beschreibung\">\n<div class=\"et_pb_row_0 et_pb_row et_pb_gutters3 et_block_row preset--group--divi-row--divi-background--default preset--module--divi-row--default\">\n<div class=\"et_pb_column_0 et_pb_column et_pb_column_1_2 et_block_column et_pb_css_mix_blend_mode_passthrough preset--group--divi-column--divi-background--default preset--module--divi-column--default\">\n<div class=\"et_pb_text_0 et_pb_text et_pb_bg_layout_light et_pb_module et_block_module preset--module--divi-text--default\"><div class=\"et_pb_text_inner\"><h1>Lawn sweeper<\/h1>\n<h2>Uni-Truck System<\/h2>\n<p>With this lawn sweeper on the Uni-Truck, grass and leaf residues can be cleanly removed from green spaces.<br \/>With a front-mounted lawn mower and a rear-mounted lawn sweeper on the Uni-Truck, green space maintenance can be carried out efficiently in a single operation.<br \/>In addition to the lawn mower, a grass and leaf vacuum device can also be attached to the Uni-Truck, which immediately sucks the mowed grass into its collection container.<\/p>\n<p>As an alternative to the lawn sweeper, there is the GR\u00dcNIG grass and leaf vacuum.<\/p>\n<\/div><\/div>\n<\/div>\n\n<div class=\"et_pb_column_1 et_pb_column et_pb_column_1_2 et-last-child et_block_column et_pb_css_mix_blend_mode_passthrough preset--group--divi-column--divi-background--default preset--module--divi-column--default\">\n<div class=\"et_pb_video_0 et_pb_video et_pb_module et_block_module preset--group--divi-video--divi-background--default\"><div class=\"et_pb_video_box\"><iframe title=\"Multifunktionsfahrzeug Gr\u00fcnig Uni-Truck Gr\u00fcnfl\u00e4chenpflege\" width=\"1080\" height=\"608\" src=\"https:\/\/www.youtube.com\/embed\/AfVR8bJ-W_c?feature=oembed\"  allow=\"accelerometer; autoplay; clipboard-write; encrypted-media; gyroscope; picture-in-picture; web-share\" referrerpolicy=\"strict-origin-when-cross-origin\" allowfullscreen><\/iframe><\/div><div class=\"et_pb_video_overlay\" style=\"background-image:url(https:\/\/gruenig.werbequelle.de\/wp-content\/uploads\/2025\/09\/Uni-Truck-Rasenkehrmaschine.webp)\"><div class=\"et_pb_video_overlay_hover\"><a class=\"et_pb_video_play\" href=\"#\"><\/a><\/div><\/div><\/div>\n\n<div class=\"et_pb_text_1 et_pb_text et_pb_bg_layout_light et_pb_module et_block_module preset--group--divi-text--divi-background--default preset--group--divi-text--divi-font-header--default preset--group--divi-text--divi-font-body--default preset--module--divi-text--default\"><div class=\"et_pb_text_inner\"><h3>Typical industries for the use of lawn sweepers<\/h3>\n<\/div><\/div>\n\n<div class=\"et_pb_row_1 et_pb_row et_pb_row_nested et_flex_row preset--module--divi-row--mdyxwj2rxv\">\n<div class=\"et_pb_column_2 et_pb_column et-last-child et_flex_column et_pb_css_mix_blend_mode_passthrough et_flex_column_24_24 et_flex_column_12_24_tablet et_flex_column_24_24_phone et_flex_column_24_24_phoneWide et_flex_column_12_24_tabletWide preset--group--divi-column--divi-background--default preset--module--divi-column--default\">\n<div class=\"et_pb_text_2 et_pb_text et_pb_bg_layout_light et_pb_module et_block_module preset--group--divi-text--divi-background--default preset--group--divi-text--divi-font-header--default preset--group--divi-text--divi-font-body--default preset--module--divi-text--default\"><div class=\"et_pb_text_inner\"><ul>\n<li>Zoos and agriculture<\/li>\n<li>Landscaping<\/li>\n<\/ul>\n<\/div><\/div>\n\n<div class=\"et_pb_text_3 et_pb_text et_pb_bg_layout_light et_pb_module et_block_module preset--group--divi-text--divi-background--default preset--group--divi-text--divi-font-header--default preset--group--divi-text--divi-font-body--default preset--module--divi-text--default\"><div class=\"et_pb_text_inner\"><ul>\n<li>Service provider<\/li>\n<li>Municipalities<\/li>\n<\/ul>\n<\/div><\/div>\n<\/div>\n<\/div>\n<\/div>\n<\/div>\n<\/div>\n\n<div class=\"et_pb_section_1 et_pb_section et_section_regular et_flex_section preset--module--divi-section--cr958rtfjc\">\n<div class=\"et_pb_row_2 et_pb_row et_flex_row preset--module--divi-row--yt9hj26h4r\">\n<div class=\"et_pb_column_3 et_pb_column et-last-child et_flex_column et_pb_css_mix_blend_mode_passthrough et_flex_column_24_24 et_flex_column_24_24_tablet et_flex_column_24_24_phone et_flex_column_24_24_phoneWide et_flex_column_24_24_tabletWide preset--module--divi-column--2hvu01hf5q\">\n<div class=\"et_pb_module et_pb_button_module_wrapper et_pb_button_0_wrapper preset--group--divi-button--divi-css--b2vawffi11_wrapper preset--module--divi-button--2folig1ktz_wrapper\"><a class=\"et_pb_button_0 et_pb_button et_pb_bg_layout_light et_pb_module et_block_module no-wrap preset--group--divi-button--divi-css--b2vawffi11 preset--module--divi-button--2folig1ktz\" href=\"\/produkte\/uni-truck-system#Anbaugeraete\">back<\/a><\/div>\n\n<div class=\"et_pb_module et_pb_button_module_wrapper et_pb_button_1_wrapper preset--group--divi-button--divi-css--b2vawffi11_wrapper preset--module--divi-button--2folig1ktz_wrapper\"><a class=\"et_pb_button_1 et_pb_button et_pb_bg_layout_light et_pb_module et_block_module no-wrap preset--group--divi-button--divi-css--b2vawffi11 preset--module--divi-button--2folig1ktz\" href=\"#Technische-Daten\">Technical data<\/a><\/div>\n\n<div class=\"et_pb_module et_pb_button_module_wrapper et_pb_button_2_wrapper preset--group--divi-button--divi-css--b2vawffi11_wrapper preset--module--divi-button--2folig1ktz_wrapper\"><a class=\"et_pb_button_2 et_pb_button et_pb_bg_layout_light et_pb_module et_block_module no-wrap preset--group--divi-button--divi-css--b2vawffi11 preset--module--divi-button--2folig1ktz\" href=\"#Media\">Media<\/a><\/div>\n\n<div class=\"et_pb_module et_pb_button_module_wrapper et_pb_button_3_wrapper preset--group--divi-button--divi-css--b2vawffi11_wrapper preset--module--divi-button--default_wrapper\"><a class=\"et_pb_button_3 et_pb_button et_pb_bg_layout_light et_pb_module et_block_module preset--group--divi-button--divi-css--b2vawffi11 preset--module--divi-button--default\" href=\"#Kontaktformular\">Question ?<\/a><\/div>\n<\/div>\n<\/div>\n\n<div class=\"et_pb_row_3 et_pb_row et-vb-row--no-module et_flex_row preset--module--divi-row--mzrjoyfn75\">\n<div class=\"et_pb_column_4 et_pb_column et-last-child et_flex_column et_pb_column_empty et_pb_css_mix_blend_mode_passthrough et_flex_column_24_24 et_flex_column_12_24_tablet et_flex_column_24_24_phone et_flex_column_24_24_phoneWide et_flex_column_12_24_tabletWide preset--group--divi-column--divi-background--default preset--module--divi-column--default\"><\/div>\n<\/div>\n<\/div>\n\n<div class=\"et_pb_section_2 et_pb_section et_section_regular et_block_section preset--group--divi-section--divi-background--default preset--module--divi-section--default\" id=\"Technische-Daten\">\n<div class=\"et_pb_row_4 et_pb_row et_flex_row preset--group--divi-row--divi-background--default preset--module--divi-row--default\">\n<div class=\"et_pb_column_5 et_pb_column et-last-child et_flex_column et_pb_css_mix_blend_mode_passthrough et_flex_column_24_24 et_flex_column_12_24_tablet et_flex_column_24_24_phone et_flex_column_24_24_phoneWide et_flex_column_12_24_tabletWide preset--group--divi-column--divi-background--default preset--group--divi-column--divi-layout--30erkquc49 preset--module--divi-column--default\">\n<div class=\"et_pb_text_4 et_pb_text et_pb_bg_layout_light et_pb_module et_flex_module preset--group--divi-text--divi-background--default preset--group--divi-text--divi-font-header--default preset--group--divi-text--divi-font-body--default preset--module--divi-text--default\"><div class=\"et_pb_text_inner\"><h2>Technical data<\/h2>\n<\/div><\/div>\n<\/div>\n<\/div>\n\n<div class=\"et_pb_row_5 et_pb_row et_flex_row preset--group--divi-row--divi-background--default preset--module--divi-row--default\">\n<div class=\"et_pb_column_6 et_pb_column et-last-child et_flex_column et_pb_css_mix_blend_mode_passthrough et_flex_column_24_24 et_flex_column_12_24_tablet et_flex_column_24_24_phone et_flex_column_24_24_phoneWide et_flex_column_12_24_tabletWide preset--group--divi-column--divi-background--default preset--group--divi-column--divi-layout--30erkquc49 preset--module--divi-column--default\">\n<div class=\"et_pb_text_5 et_pb_text et_pb_bg_layout_light et_pb_module et_flex_module preset--group--divi-text--divi-background--default preset--group--divi-text--divi-font-header--default preset--group--divi-text--divi-font-body--default preset--module--divi-text--default\"><div class=\"et_pb_text_inner\"><ul>\n<li>\n<p>Working width 90 cm<\/p>\n<\/li>\n<li>\n<p>Capacity approx. 0.5 m3<\/p>\n<\/li>\n<li>\n<p>Height-adjustable sweeping roller for sweeping up grass and leaf residues<\/p>\n<\/li>\n<li>\n<p>Self-propelled, so that no additional hydraulic connection is required on the Uni-Truck<\/p>\n<\/li>\n<li>\n<p>Complete with chassis for trailer operation with the Uni-Truck<\/p>\n<p>&nbsp;<\/p>\n<\/li>\n<\/ul>\n<\/div><\/div>\n<\/div>\n<\/div>\n<\/div>\n\n<div class=\"et_pb_section_3 et_pb_section et_section_regular et_block_section preset--group--divi-section--divi-background--default preset--module--divi-section--default\" id=\"Media\">\n<div class=\"et_pb_row_6 et_pb_row et_flex_row preset--group--divi-row--divi-background--default preset--module--divi-row--default\">\n<div class=\"et_pb_column_7 et_pb_column et-last-child et_flex_column et_pb_css_mix_blend_mode_passthrough et_flex_column_24_24 et_flex_column_12_24_tablet et_flex_column_24_24_phone et_flex_column_24_24_phoneWide et_flex_column_12_24_tabletWide preset--group--divi-column--divi-background--default preset--group--divi-column--divi-spacing--cqwfmjr7bk preset--group--divi-column--divi-layout--30erkquc49 preset--module--divi-column--default\">\n<div class=\"et_pb_text_6 et_pb_text et_pb_bg_layout_light et_pb_module et_block_module preset--group--divi-text--divi-background--default preset--group--divi-text--divi-font-header--default preset--group--divi-text--divi-font-body--p3ap1n3p96 preset--module--divi-text--default\"><div class=\"et_pb_text_inner\"><h2>Media \u2013 Brochures<\/h2>\n<\/div><\/div>\n<\/div>\n<\/div>\n\n<div class=\"et_pb_row_7 et_pb_row et_flex_row preset--group--divi-row--divi-background--default preset--module--divi-row--default\">\n<div class=\"et_pb_column_8 et_pb_column et-last-child et_flex_column et_pb_css_mix_blend_mode_passthrough et_flex_column_24_24 et_flex_column_24_24_tablet et_flex_column_24_24_phone et_flex_column_24_24_phoneWide et_flex_column_24_24_tabletWide preset--group--divi-column--divi-background--default preset--group--divi-column--divi-layout--30erkquc49 preset--module--divi-column--default\">\n<div class=\"et_pb_group_0 et_pb_group et_pb_module et_flex_group et_pb_css_mix_blend_mode_passthrough preset--module--divi-group--xbnfz3ywam\">\n<div class=\"et_pb_icon_0 et_pb_icon et_pb_module et_block_module preset--group--divi-icon--divi-background--default\"><span class=\"et_pb_icon_wrap\"><span class=\"et-pb-icon\">\uf1c1<\/span><\/span><\/div>\n\n<div class=\"et_pb_text_7 et_pb_text et_pb_bg_layout_light et_pb_module et_block_module preset--group--divi-text--divi-background--default preset--group--divi-text--divi-font-header--default preset--group--divi-text--divi-font-body--default preset--module--divi-text--default\"><div class=\"et_pb_text_inner\"><p><a href=\"\/wp-content\/uploads\/2025\/08\/Uni-Truck.pdf\" target=\"_blank\" rel=\"noopener\">The multifunctional GR\u00dcNIG Uni-Truck system<\/a><\/p>\n<\/div><\/div>\n<\/div>\n\n<div class=\"et_pb_group_1 et_pb_group et-last-child et_pb_module et_flex_group et_pb_css_mix_blend_mode_passthrough preset--module--divi-group--xbnfz3ywam\">\n<div class=\"et_pb_icon_1 et_pb_icon et_pb_module et_block_module preset--group--divi-icon--divi-background--default\"><span class=\"et_pb_icon_wrap\"><span class=\"et-pb-icon\">\uf1c1<\/span><\/span><\/div>\n\n<div class=\"et_pb_text_8 et_pb_text et_pb_bg_layout_light et_pb_module et_block_module preset--module--divi-text--default\"><div class=\"et_pb_text_inner\"><p><a href=\"\/wp-content\/uploads\/2025\/09\/Schnelluebersicht-de.pdf\" class=\"mtli_attachment mtli_pdf\" target=\"_blank\" rel=\"noopener noreferrer\">Quick overview of the most important GR\u00dcNIG product families<\/a><a href=\"\/wp-content\/uploads\/2025\/08\/Pflaster-Verlegemaschine.pdf\"><\/a><\/p>\n<\/div><\/div>\n<\/div>\n<\/div>\n<\/div>\n<\/div>\n\n<div class=\"et_pb_section_4 et_pb_section et_section_regular et_block_section preset--group--divi-section--divi-background--default preset--module--divi-section--default\" id=\"Kontaktformular\"><div class=\"et_pb_row_8 et_pb_row et_flex_row preset--group--divi-row--divi-border--4k89yojzeh preset--module--divi-row--idm4894tzc\"><div class=\"et_pb_column_9 et_pb_column et-last-child et_flex_column et_pb_css_mix_blend_mode_passthrough et_flex_column_24_24 et_flex_column_12_24_tablet et_flex_column_24_24_phone et_flex_column_24_24_phoneWide et_flex_column_12_24_tabletWide preset--group--divi-column--divi-background--default preset--module--divi-column--default\"><div class=\"et_pb_text_9 et_pb_text et_pb_bg_layout_light et_pb_module et_flex_module preset--group--divi-text--divi-background--default preset--group--divi-text--divi-font-header--default preset--group--divi-text--divi-font-body--default preset--module--divi-text--default\"><div class=\"et_pb_text_inner\">\n<div class=\"wpcf7 no-js\" id=\"wpcf7-f3070-o1\" lang=\"en-US\" dir=\"ltr\" data-wpcf7-id=\"3070\">\n<div class=\"screen-reader-response\"><p role=\"status\" aria-live=\"polite\" aria-atomic=\"true\"><\/p> <ul><\/ul><\/div>\n<form action=\"\/en\/wp-json\/wp\/v2\/pages\/3071#wpcf7-f3070-o1\" method=\"post\" class=\"wpcf7-form init\" aria-label=\"Contact form\" novalidate=\"novalidate\" data-status=\"init\">\n<fieldset class=\"hidden-fields-container\"><input type=\"hidden\" name=\"_wpcf7\" value=\"3070\" \/><input type=\"hidden\" name=\"_wpcf7_version\" value=\"6.1.5\" \/><input type=\"hidden\" name=\"_wpcf7_locale\" value=\"en_US\" \/><input type=\"hidden\" name=\"_wpcf7_unit_tag\" value=\"wpcf7-f3070-o1\" \/><input type=\"hidden\" name=\"_wpcf7_container_post\" value=\"0\" \/><input type=\"hidden\" name=\"_wpcf7_posted_data_hash\" value=\"\" \/>\n<\/fieldset>\n<h3>Contact us now\n<\/h3>\n<p>Are you interested in our products or have a question about them? Please send us your request or call us directly: <b>+49 (0)6253 20 234-0<\/b>\n<\/p>\n<div class=\"dwp-form\">\n\t<div class=\"dwp-form-row\">\n\t\t<div class=\"dwp-form-column col-6 \">\n\t\t\t<p><label>Company<br \/>\n<span class=\"wpcf7-form-control-wrap\" data-name=\"firma\"><input size=\"40\" maxlength=\"400\" class=\"wpcf7-form-control wpcf7-text\" aria-invalid=\"false\" value=\"\" type=\"text\" name=\"firma\" \/><\/span> <\/label>\n\t\t\t<\/p>\n\t\t<\/div>\n\t\t<div class=\"dwp-form-column col-6\">\n\t\t\t<p>Title*<br \/>\n<span class=\"wpcf7-form-control-wrap\" data-name=\"anrede\"><span class=\"wpcf7-form-control wpcf7-radio\"><span class=\"wpcf7-list-item first\"><input type=\"radio\" name=\"anrede\" value=\"Mr.\" checked=\"checked\" \/><span class=\"wpcf7-list-item-label\">Mr.<\/span><\/span><span class=\"wpcf7-list-item last\"><input type=\"radio\" name=\"anrede\" value=\"Ms.\" \/><span class=\"wpcf7-list-item-label\">Ms.<\/span><\/span><\/span><\/span>\n\t\t\t<\/p>\n\t\t<\/div>\n\t<\/div>\n\t<div class=\"dwp-form-row\">\n\t\t<div class=\"dwp-form-column col-6 \">\n\t\t\t<p><label>First name*<br \/>\n<span class=\"wpcf7-form-control-wrap\" data-name=\"vorname\"><input size=\"40\" maxlength=\"400\" class=\"wpcf7-form-control wpcf7-text wpcf7-validates-as-required\" aria-required=\"true\" aria-invalid=\"false\" value=\"\" type=\"text\" name=\"vorname\" \/><\/span> <\/label>\n\t\t\t<\/p>\n\t\t<\/div>\n\t\t<div class=\"dwp-form-column col-6 \">\n\t\t\t<p><label>Last name*<br \/>\n<span class=\"wpcf7-form-control-wrap\" data-name=\"nachname\"><input size=\"40\" maxlength=\"400\" class=\"wpcf7-form-control wpcf7-text wpcf7-validates-as-required\" aria-required=\"true\" aria-invalid=\"false\" value=\"\" type=\"text\" name=\"nachname\" \/><\/span> <\/label>\n\t\t\t<\/p>\n\t\t<\/div>\n\t<\/div>\n\t<div class=\"dwp-form-row\">\n\t\t<div class=\"dwp-form-column col-6 \">\n\t\t\t<p><label>Phone*<br \/>\n<span class=\"wpcf7-form-control-wrap\" data-name=\"telefon\"><input size=\"40\" maxlength=\"400\" class=\"wpcf7-form-control wpcf7-text wpcf7-validates-as-required\" aria-required=\"true\" aria-invalid=\"false\" value=\"\" type=\"text\" name=\"telefon\" \/><\/span> <\/label>\n\t\t\t<\/p>\n\t\t<\/div>\n\t\t<div class=\"dwp-form-column col-6 \">\n\t\t\t<p><label>E-mail*<br \/>\n<span class=\"wpcf7-form-control-wrap\" data-name=\"email\"><input size=\"40\" maxlength=\"400\" class=\"wpcf7-form-control wpcf7-email wpcf7-validates-as-required wpcf7-text wpcf7-validates-as-email\" aria-required=\"true\" aria-invalid=\"false\" value=\"\" type=\"email\" name=\"email\" \/><\/span> <\/label>\n\t\t\t<\/p>\n\t\t<\/div>\n\t<\/div>\n\t<div class=\"dwp-form-row\">\n\t\t<div class=\"dwp-form-column col-12 \">\n\t\t\t<p>Product group*<br \/>\n<span class=\"wpcf7-form-control-wrap\" data-name=\"produkt-interesse\"><span class=\"wpcf7-form-control wpcf7-checkbox\"><span class=\"wpcf7-list-item first\"><input type=\"checkbox\" name=\"produkt-interesse[]\" value=\"Uni-Truck System (multi-purpose vehicle)\" \/><span class=\"wpcf7-list-item-label\">Uni-Truck System (multi-purpose vehicle)<\/span><\/span><span class=\"wpcf7-list-item\"><input type=\"checkbox\" name=\"produkt-interesse[]\" value=\"Kehr-Fuchs (sweeper)\" \/><span class=\"wpcf7-list-item-label\">Kehr-Fuchs (sweeper)<\/span><\/span><span class=\"wpcf7-list-item\"><input type=\"checkbox\" name=\"produkt-interesse[]\" value=\"Attachment sweepers\" \/><span class=\"wpcf7-list-item-label\">Attachment sweepers<\/span><\/span><span class=\"wpcf7-list-item\"><input type=\"checkbox\" name=\"produkt-interesse[]\" value=\"Attachment Snow Removal Equipment\" \/><span class=\"wpcf7-list-item-label\">Attachment Snow Removal Equipment<\/span><\/span><span class=\"wpcf7-list-item last\"><input type=\"checkbox\" name=\"produkt-interesse[]\" value=\"Other (please explain in the text field)\" \/><span class=\"wpcf7-list-item-label\">Other (please explain in the text field)<\/span><\/span><\/span><\/span>\n\t\t\t<\/p>\n\t\t<\/div>\n\t<\/div>\n\t<div class=\"dwp-form-row\">\n\t\t<div class=\"dwp-form-column col-12 \">\n\t\t\t<p><label> Your message<br \/>\n<span class=\"wpcf7-form-control-wrap\" data-name=\"nachricht\"><textarea cols=\"40\" rows=\"10\" maxlength=\"2000\" class=\"wpcf7-form-control wpcf7-textarea wpcf7-validates-as-required\" aria-required=\"true\" aria-invalid=\"false\" name=\"nachricht\"><\/textarea><\/span> <\/label>\n\t\t\t<\/p>\n\t\t<\/div>\n\t<\/div>\n<\/div>\n<p><input class=\"wpcf7-form-control wpcf7-submit has-spinner\" type=\"submit\" value=\"Send\" \/>\n<\/p><div class=\"wpcf7-response-output\" aria-hidden=\"true\"><\/div>\n<\/form>\n<\/div>\n\n<\/div><\/div><\/div><\/div><\/div>","protected":false},"excerpt":{"rendered":"","protected":false},"author":10,"featured_media":0,"parent":2989,"menu_order":0,"comment_status":"closed","ping_status":"closed","template":"","meta":{"footnotes":""},"class_list":["post-3071","page","type-page","status-publish","hentry"],"_links":{"self":[{"href":"https:\/\/gruenig.werbequelle.de\/en\/wp-json\/wp\/v2\/pages\/3071","targetHints":{"allow":["GET"]}}],"collection":[{"href":"https:\/\/gruenig.werbequelle.de\/en\/wp-json\/wp\/v2\/pages"}],"about":[{"href":"https:\/\/gruenig.werbequelle.de\/en\/wp-json\/wp\/v2\/types\/page"}],"author":[{"embeddable":true,"href":"https:\/\/gruenig.werbequelle.de\/en\/wp-json\/wp\/v2\/users\/10"}],"replies":[{"embeddable":true,"href":"https:\/\/gruenig.werbequelle.de\/en\/wp-json\/wp\/v2\/comments?post=3071"}],"version-history":[{"count":1,"href":"https:\/\/gruenig.werbequelle.de\/en\/wp-json\/wp\/v2\/pages\/3071\/revisions"}],"predecessor-version":[{"id":3072,"href":"https:\/\/gruenig.werbequelle.de\/en\/wp-json\/wp\/v2\/pages\/3071\/revisions\/3072"}],"up":[{"embeddable":true,"href":"https:\/\/gruenig.werbequelle.de\/en\/wp-json\/wp\/v2\/pages\/2989"}],"wp:attachment":[{"href":"https:\/\/gruenig.werbequelle.de\/en\/wp-json\/wp\/v2\/media?parent=3071"}],"curies":[{"name":"wp","href":"https:\/\/api.w.org\/{rel}","templated":true}]}}