{"id":2982,"date":"2025-05-01T22:33:59","date_gmt":"2025-05-01T20:33:59","guid":{"rendered":"https:\/\/gruenig.werbequelle.de\/company-2\/"},"modified":"2026-01-18T22:00:58","modified_gmt":"2026-01-18T21:00:58","slug":"company","status":"publish","type":"page","link":"https:\/\/gruenig.werbequelle.de\/en\/company\/","title":{"rendered":"Company"},"content":{"rendered":"<div class=\"et_pb_section_0 et_pb_section et_section_regular et_block_section preset--group--divi-section--divi-background--default preset--module--divi-section--default\">\n<div class=\"et_pb_row_0 et_pb_row et_pb_gutters3 et_block_row preset--group--divi-row--divi-background--default preset--group--divi-row--divi-spacing--cqwfmjr7bk preset--module--divi-row--default\">\n<div class=\"et_pb_column_0 et_pb_column et_pb_column_4_4 et-last-child et_block_column et_pb_css_mix_blend_mode_passthrough preset--group--divi-column--divi-background--default preset--module--divi-column--default\">\n<div class=\"et_pb_text_0 et_pb_text et_pb_bg_layout_light et_pb_module et_block_module preset--group--divi-text--divi-font-body--p3ap1n3p96 preset--module--divi-text--default\"><div class=\"et_pb_text_inner\"><h1>Company<\/h1>\n<\/div><\/div>\n<\/div>\n<\/div>\n\n<div class=\"et_pb_row_1 et_pb_row et_pb_gutters3 et_block_row preset--group--divi-row--divi-background--default preset--module--divi-row--default\">\n<div class=\"et_pb_column_1 et_pb_column et_pb_column_1_2 et_block_column et_pb_css_mix_blend_mode_passthrough preset--group--divi-column--divi-background--default preset--module--divi-column--default\">\n<div class=\"et_pb_text_1 et_pb_text et_pb_bg_layout_light et_pb_module et_block_module preset--group--divi-text--divi-background--default preset--group--divi-text--divi-font-header--default preset--group--divi-text--divi-font-body--default preset--module--divi-text--default\"><div class=\"et_pb_text_inner\"><div class=\"fusion-text fusion-text-2\">\n<h2>GR\u00dcNIG Industriemaschinen GmbH<\/h2>\n<p>GR\u00dcNIG is a medium-sized machine and vehicle construction company based in F\u00fcrth-Erlenbach in the Odenwald region, about 70 km south of Frankfurt am Main. GR\u00dcNIG's manufacturing and production facilities are also located here, where GR\u00dcNIG products are manufactured and from where they are delivered all over the world. <\/p>\n<p>In this medium-sized company, the many years of experience, consistency and company loyalty of the GR\u00dcNIG team have resulted in a concentrated know-how that is the engine for success and growth in the most important markets in the world.<\/p>\n<p>Dynamic product development, the highest quality standards, and high delivery flexibility have enabled GR\u00dcNIG Industriemaschinen GmbH to become a rapidly and steadily growing company. In export, GR\u00dcNIG enjoys the original reputation of \"Made in Germany.\" <\/p>\n<\/div>\n<\/div><\/div>\n\n<div class=\"et_pb_text_2 et_pb_text et_pb_bg_layout_light et_pb_module et_block_module preset--group--divi-text--divi-background--default preset--group--divi-text--divi-font-header--default preset--group--divi-text--divi-font-body--default preset--module--divi-text--default\"><div class=\"et_pb_text_inner\"><div class=\"fusion-text fusion-text-2\">\n<h2>The GR\u00dcNIG product range includes the following divisions:<\/h2>\n<h3>Mounted and self-propelled sweepers<\/h3>\n<p>GR\u00dcNIG sweepers are characterised by a powerful and robust design and high efficiency in practical application. Our competitors envy us for our market-leading concept. Our extensive customer base offers us long-term success and expansion.  <\/p>\n<h3>GR\u00dcNIG Uni-Truck multifunctional vehicle<\/h3>\n<p>The market has long been waiting for such a robust, powerful and versatile implement system for large-scale property maintenance. Our wide range of Uni-Truck attachments includes sweepers, implements for green area maintenance, snow removal equipment, buckets, forklift forks, paving stone laying clamps and much more. You will certainly be impressed by the versatility of the all-terrain articulated loader with hydrostatic drive.  <\/p>\n<h3>Attachment Snow Removal Equipment<\/h3>\n<p>This product division includes snow ploughs, snow sweepers, snow blowers and granulate\/salt spreaders for universal attachment to forklifts, wheel loaders, tractors, municipal vehicles or other carrier vehicles. They are characterised by the robustness and functional reliability of the equipment, which offers robust, well-thought-out and specially tailored solutions to customer needs in the forklift and construction machinery sector. <\/p>\n<h3>Special machines<\/h3>\n<p>Thanks to GR\u00dcNIG's great flexibility, individual customer requirements are implemented here at surprisingly favourable prices, using the quality standards known for GR\u00dcNIG, into extremely innovative and customer-optimised solutions.<\/p>\n<p>The long tradition of mechanical engineering in the Odenwald region, combined with GR\u00dcNIG's dynamic and innovative company philosophy and an extremely lean organisational structure, guarantee superior technology, outstanding product quality, an unrivalled price-performance ratio and, last but not least, exemplary customer service.<\/p>\n<p>The production location in Germany enables the rapid implementation of product innovations in robust, quality workmanship of traditional German mechanical engineering using the latest manufacturing technologies.<\/p>\n<p>GR\u00dcNIG Industriemaschinen GmbH was founded in 1987 by Dipl.-Wirtschaftsingenieur Ingfried Gr\u00fcnig, who, together with the Sales Manager Dipl.-Ing. Egbert Fischer, still manages the company as managing partner.<\/p>\n<\/div>\n<\/div><\/div>\n<\/div>\n\n<div class=\"et_pb_column_2 et_pb_column et_pb_column_1_2 et-last-child et_block_column et_pb_css_mix_blend_mode_passthrough preset--group--divi-column--divi-background--default preset--module--divi-column--default\">\n<div class=\"et_pb_video_0 et_pb_video et_pb_module et_block_module preset--group--divi-video--divi-background--default\"><div class=\"et_pb_video_box\"><iframe title=\"Gr\u00fcnig Industriemaschinen GmbH, das Unternehmen\" width=\"1080\" height=\"608\" src=\"https:\/\/www.youtube.com\/embed\/54qrtsyoDto?feature=oembed\"  allow=\"accelerometer; autoplay; clipboard-write; encrypted-media; gyroscope; picture-in-picture; web-share\" referrerpolicy=\"strict-origin-when-cross-origin\" allowfullscreen><\/iframe><\/div><\/div>\n\n<div class=\"et_pb_text_3 et_pb_text et_pb_bg_layout_light et_pb_module et_block_module preset--module--divi-text--default\"><div class=\"et_pb_text_inner\"><h3>Address<\/h3>\n<p>GR\u00dcNIG Industriemaschinen GmbH<br \/>Paul-Joseph-Strasse 14-19<br \/>D-64658 F\u00fcrth\/Erlenbach (Odw.)<br \/>Germany<\/p>\n<p>Telephone: <a href=\"tel:+49062532023410\">+49 (0)6253 20 234-10<\/a><\/p>\n<p>E-mail: <a href=\"mailto:info@gruenig.de\">info@gruenig.de<\/a><\/p>\n<\/div><\/div>\n<\/div>\n<\/div>\n<\/div>","protected":false},"excerpt":{"rendered":"","protected":false},"author":10,"featured_media":0,"parent":0,"menu_order":0,"comment_status":"closed","ping_status":"closed","template":"","meta":{"footnotes":""},"class_list":["post-2982","page","type-page","status-publish","hentry"],"_links":{"self":[{"href":"https:\/\/gruenig.werbequelle.de\/en\/wp-json\/wp\/v2\/pages\/2982","targetHints":{"allow":["GET"]}}],"collection":[{"href":"https:\/\/gruenig.werbequelle.de\/en\/wp-json\/wp\/v2\/pages"}],"about":[{"href":"https:\/\/gruenig.werbequelle.de\/en\/wp-json\/wp\/v2\/types\/page"}],"author":[{"embeddable":true,"href":"https:\/\/gruenig.werbequelle.de\/en\/wp-json\/wp\/v2\/users\/10"}],"replies":[{"embeddable":true,"href":"https:\/\/gruenig.werbequelle.de\/en\/wp-json\/wp\/v2\/comments?post=2982"}],"version-history":[{"count":8,"href":"https:\/\/gruenig.werbequelle.de\/en\/wp-json\/wp\/v2\/pages\/2982\/revisions"}],"predecessor-version":[{"id":3964,"href":"https:\/\/gruenig.werbequelle.de\/en\/wp-json\/wp\/v2\/pages\/2982\/revisions\/3964"}],"wp:attachment":[{"href":"https:\/\/gruenig.werbequelle.de\/en\/wp-json\/wp\/v2\/media?parent=2982"}],"curies":[{"name":"wp","href":"https:\/\/api.w.org\/{rel}","templated":true}]}}