{"id":2964,"date":"2025-05-01T22:34:51","date_gmt":"2025-05-01T20:34:51","guid":{"rendered":"https:\/\/gruenig.werbequelle.de\/jobs\/"},"modified":"2025-12-17T14:24:26","modified_gmt":"2025-12-17T13:24:26","slug":"jobs","status":"publish","type":"page","link":"https:\/\/gruenig.werbequelle.de\/en\/company\/jobs\/","title":{"rendered":"Jobs"},"content":{"rendered":"<div class=\"et_pb_section_0 et_pb_section et_section_regular et_block_section preset--group--divi-section--divi-background--default preset--module--divi-section--default\">\n<div class=\"et_pb_row_0 et_pb_row et_pb_gutters3 et_block_row preset--group--divi-row--divi-background--default preset--group--divi-row--divi-spacing--cqwfmjr7bk preset--module--divi-row--default\">\n<div class=\"et_pb_column_0 et_pb_column et_pb_column_4_4 et-last-child et_block_column et_pb_css_mix_blend_mode_passthrough preset--group--divi-column--divi-background--default preset--module--divi-column--default\">\n<div class=\"et_pb_text_0 et_pb_text et_pb_bg_layout_light et_pb_module et_block_module preset--group--divi-text--divi-background--default preset--group--divi-text--divi-font-header--default preset--group--divi-text--divi-font-body--p3ap1n3p96 preset--module--divi-text--default\"><div class=\"et_pb_text_inner\"><h1>Jobs<\/h1>\n<\/div><\/div>\n<\/div>\n<\/div>\n\n<div class=\"et_pb_row_1 et_pb_row et_flex_row preset--group--divi-row--divi-background--default preset--module--divi-row--default\">\n<div class=\"et_pb_column_1 et_pb_column et-last-child et_flex_column et_pb_css_mix_blend_mode_passthrough et_flex_column_24_24 et_flex_column_24_24_tablet et_flex_column_24_24_phone et_flex_column_24_24_phoneWide et_flex_column_24_24_tabletWide preset--group--divi-column--divi-background--default preset--module--divi-column--default\">\n<div class=\"et_pb_text_1 et_pb_text et_pb_bg_layout_light et_pb_module et_block_module preset--group--divi-text--divi-background--default preset--group--divi-text--divi-font-header--default preset--group--divi-text--divi-font-body--p3ap1n3p96 preset--module--divi-text--default\"><div class=\"et_pb_text_inner\"><h2>Become part of the GR\u00dcNIG team<\/h2>\n<h3>As a specialist for sweepers and multifunctional vehicles, we offer young people, as well as experienced professionals and career changers, interesting fields of activity and career opportunities.<\/h3>\n<p>GR\u00dcNIG Industriemaschinen GmbH is a medium-sized machine and vehicle construction company based in F\u00fcrth-Erlenbach in the Odenwald region, about 70 km south of Frankfurt am Main. This is also where the GR\u00dcNIG production and manufacturing facilities are located, where GR\u00dcNIG products are manufactured and from where they are delivered all over the world. <\/p>\n<p>In this medium-sized company, the many years of experience, consistency and company loyalty of the GR\u00dcNIG team have resulted in a concentrated know-how that is the engine for success and growth in the most important markets in the world.<\/p>\n<p>Dynamic product development, the highest quality standards and high delivery flexibility have made GR\u00dcNIG Industriemaschinen GmbH a rapidly and steadily growing company. In export, GR\u00dcNIG enjoys the original reputation of \"Made in Germany\". <\/p>\n<\/div><\/div>\n<\/div>\n<\/div>\n<\/div>\n\n<div class=\"et_pb_section_1 et_pb_section et_section_regular et_block_section preset--group--divi-section--divi-background--default preset--module--divi-section--default\">\n<div class=\"et_pb_row_2 et_pb_row et_pb_gutters3 et_block_row preset--group--divi-row--divi-background--default preset--group--divi-row--divi-spacing--cqwfmjr7bk preset--module--divi-row--default\">\n<div class=\"et_pb_column_2 et_pb_column et_pb_column_4_4 et-last-child et_block_column et_pb_css_mix_blend_mode_passthrough preset--group--divi-column--divi-background--default preset--module--divi-column--default\">\n<div class=\"et_pb_text_2 et_pb_text et_pb_bg_layout_light et_pb_module et_block_module preset--group--divi-text--divi-background--default preset--group--divi-text--divi-font-header--default preset--group--divi-text--divi-font-body--p3ap1n3p96 preset--module--divi-text--default\"><div class=\"et_pb_text_inner\"><h2>We are looking for motivated trainees for 2026<\/h2>\n<\/div><\/div>\n<\/div>\n<\/div>\n\n<div class=\"et_pb_row_3 et_pb_row et_flex_row preset--group--divi-row--divi-border--4k89yojzeh preset--module--divi-row--idm4894tzc\">\n<div class=\"et_pb_column_3 et_pb_column et_block_column et_pb_css_mix_blend_mode_passthrough et_flex_column_16_24 et_flex_column_16_24_tablet et_flex_column_24_24_phone et_flex_column_24_24_phoneWide et_flex_column_16_24_tabletWide vertical-align preset--group--divi-column--divi-background--default preset--module--divi-column--default\">\n<div class=\"et_pb_text_3 et_pb_text et_pb_bg_layout_light et_pb_module et_block_module preset--group--divi-text--divi-background--default preset--group--divi-text--divi-font-header--default preset--group--divi-text--divi-font-body--default preset--module--divi-text--default\"><div class=\"et_pb_text_inner\"><h3>Apprenticeship as an industrial mechanic (m\/f\/d).<\/h3>\n<h4>What awaits you:<\/h4>\n<ul>\n<li>Imparting sound knowledge in the field of vehicle construction and industrial machinery<\/li>\n<li>Maintenance and repair work<\/li>\n<li>Theory and practice in a varied environment<\/li>\n<\/ul>\n<h4>Your profile:<\/h4>\n<ul>\n<li>Technical interest and manual skills<\/li>\n<li>Ability to work in a team, reliability and willingness to learn<\/li>\n<\/ul>\n<h4>We offer:<\/h4>\n<ul>\n<li>A qualified apprenticeship with opportunities for advancement<\/li>\n<li>Personal support and a strong team by your side<\/li>\n<\/ul>\n<\/div><\/div>\n<\/div>\n\n<div class=\"et_pb_column_4 et_pb_column et-last-child et_flex_column et_pb_css_mix_blend_mode_passthrough et_flex_column_8_24 et_flex_column_8_24_tablet et_flex_column_24_24_phone et_flex_column_24_24_phoneWide et_flex_column_8_24_tabletWide preset--group--divi-column--divi-background--default preset--module--divi-column--default\">\n<div class=\"et_pb_text_4 et_pb_text et_pb_bg_layout_light et_pb_module et_block_module preset--group--divi-text--divi-background--default preset--group--divi-text--divi-font-header--default preset--group--divi-text--divi-font-body--default preset--module--divi-text--default\"><div class=\"et_pb_text_inner\"><h3>Applications to:<\/h3>\n<p>E-mail: <a href=\"mailto:verkauf@gruenig.de\">verkauf@gruenig.de<\/a><\/p>\n<p>GR\u00dcNIG Industriemaschinen GmbH<br \/>Paul-Joseph-Strasse 19<br \/>64658 F\u00fcrth\/Erlenbach (Odw.)<\/p>\n<\/div><\/div>\n<\/div>\n<\/div>\n<\/div>\n\n<div class=\"et_pb_section_2 et_pb_section et_section_regular et_block_section preset--group--divi-section--divi-background--default preset--module--divi-section--default\">\n<div class=\"et_pb_row_4 et_pb_row et_flex_row preset--group--divi-row--divi-border--4k89yojzeh preset--module--divi-row--idm4894tzc\">\n<div class=\"et_pb_column_5 et_pb_column et_block_column et_pb_css_mix_blend_mode_passthrough et_flex_column_16_24 et_flex_column_16_24_tablet et_flex_column_24_24_phone et_flex_column_24_24_phoneWide et_flex_column_16_24_tabletWide vertical-align preset--group--divi-column--divi-background--default preset--module--divi-column--default\">\n<div class=\"et_pb_text_5 et_pb_text et_pb_bg_layout_light et_pb_module et_block_module preset--group--divi-text--divi-background--default preset--group--divi-text--divi-font-header--default preset--group--divi-text--divi-font-body--default preset--module--divi-text--default\"><div class=\"et_pb_text_inner\"><h3>Apprenticeship as an industrial clerk (m\/f\/d)<\/h3>\n<h4>What awaits you:<\/h4>\n<p>Getting to know commercial or business management topics in the relevant areas<br \/>Support in the planning, organization and control of operational processes<br \/>Collaboration on exciting projects in a modern working environment<\/p>\n<h4>Your profile:<\/h4>\n<p>Interest in business processes<br \/>Reliability, commitment and ability to work in a team<br \/>Communication and contact skills<\/p>\n<h4>We offer:<\/h4>\n<p>A qualified apprenticeship with opportunities for advancement<br \/>Team spirit and a pleasant working atmosphere<\/p>\n<\/div><\/div>\n<\/div>\n\n<div class=\"et_pb_column_6 et_pb_column et-last-child et_flex_column et_pb_css_mix_blend_mode_passthrough et_flex_column_8_24 et_flex_column_8_24_tablet et_flex_column_24_24_phone et_flex_column_24_24_phoneWide et_flex_column_8_24_tabletWide preset--group--divi-column--divi-background--default preset--module--divi-column--default\">\n<div class=\"et_pb_text_6 et_pb_text et_pb_bg_layout_light et_pb_module et_block_module preset--group--divi-text--divi-background--default preset--group--divi-text--divi-font-header--default preset--group--divi-text--divi-font-body--default preset--module--divi-text--default\"><div class=\"et_pb_text_inner\"><h3>Applications to:<\/h3>\n<p>E-mail: <a href=\"mailto:verkauf@gruenig.de\">verkauf@gruenig.de<\/a><\/p>\n<p>GR\u00dcNIG Industriemaschinen GmbH<br \/>Paul-Joseph-Strasse 19<br \/>64658 F\u00fcrth\/Erlenbach (Odw.)<\/p>\n<\/div><\/div>\n<\/div>\n<\/div>\n<\/div>","protected":false},"excerpt":{"rendered":"","protected":false},"author":10,"featured_media":0,"parent":2982,"menu_order":0,"comment_status":"closed","ping_status":"closed","template":"","meta":{"footnotes":""},"class_list":["post-2964","page","type-page","status-publish","hentry"],"_links":{"self":[{"href":"https:\/\/gruenig.werbequelle.de\/en\/wp-json\/wp\/v2\/pages\/2964","targetHints":{"allow":["GET"]}}],"collection":[{"href":"https:\/\/gruenig.werbequelle.de\/en\/wp-json\/wp\/v2\/pages"}],"about":[{"href":"https:\/\/gruenig.werbequelle.de\/en\/wp-json\/wp\/v2\/types\/page"}],"author":[{"embeddable":true,"href":"https:\/\/gruenig.werbequelle.de\/en\/wp-json\/wp\/v2\/users\/10"}],"replies":[{"embeddable":true,"href":"https:\/\/gruenig.werbequelle.de\/en\/wp-json\/wp\/v2\/comments?post=2964"}],"version-history":[{"count":1,"href":"https:\/\/gruenig.werbequelle.de\/en\/wp-json\/wp\/v2\/pages\/2964\/revisions"}],"predecessor-version":[{"id":2965,"href":"https:\/\/gruenig.werbequelle.de\/en\/wp-json\/wp\/v2\/pages\/2964\/revisions\/2965"}],"up":[{"embeddable":true,"href":"https:\/\/gruenig.werbequelle.de\/en\/wp-json\/wp\/v2\/pages\/2982"}],"wp:attachment":[{"href":"https:\/\/gruenig.werbequelle.de\/en\/wp-json\/wp\/v2\/media?parent=2964"}],"curies":[{"name":"wp","href":"https:\/\/api.w.org\/{rel}","templated":true}]}}