{"id":2925,"date":"2025-05-01T20:41:54","date_gmt":"2025-05-01T18:41:54","guid":{"rendered":"https:\/\/gruenig.werbequelle.de\/custom-made-products\/"},"modified":"2026-01-18T18:57:43","modified_gmt":"2026-01-18T17:57:43","slug":"custom-made-products","status":"publish","type":"page","link":"https:\/\/gruenig.werbequelle.de\/en\/products\/custom-made-products\/","title":{"rendered":"Custom-made products"},"content":{"rendered":"<div class=\"et_pb_section_0 et_pb_section et_section_regular et_block_section preset--group--divi-section--divi-background--default preset--module--divi-section--default\" id=\"Beschreibung\">\n<div class=\"et_pb_row_0 et_pb_row et_pb_gutters3 et_block_row preset--group--divi-row--divi-background--default preset--module--divi-row--default\">\n<div class=\"et_pb_column_0 et_pb_column et_pb_column_1_2 et_block_column et_pb_css_mix_blend_mode_passthrough preset--group--divi-column--divi-background--default preset--module--divi-column--default\">\n<div class=\"et_pb_text_0 et_pb_text et_pb_bg_layout_light et_pb_module et_block_module preset--module--divi-text--default\"><div class=\"et_pb_text_inner\"><h1>Custom-made products<\/h1>\n<h2>Your perfect solution<\/h2>\n<p>GR\u00dcNIG is happy to realize customer requests and develops special device solutions for your individual work or cleaning requirements. Through the close cooperation between you and the GR\u00dcNIG designers, as well as the flexibility that manufacturing at the company location offers us, tailor-made solutions can be created. Your good ideas allow the range of devices to be constantly expanded to meet your needs.  <\/p>\n<p>We look forward to hearing from you.<\/p>\n<p>&nbsp;<\/p>\n<\/div><\/div>\n<\/div>\n\n<div class=\"et_pb_column_1 et_pb_column et_pb_column_1_2 et-last-child et_block_column et_pb_css_mix_blend_mode_passthrough preset--group--divi-column--divi-background--default preset--module--divi-column--default\">\n<div class=\"et_pb_gallery_0 et_pb_gallery et_pb_bg_layout_light et_pb_slider et_pb_gallery_fullwidth clearfix et_pb_slider_no_pagination et_slider_auto et_slider_speed_5000 et_pb_module preset--module--divi-gallery--e3f4ohdmdy\" data-auto-rotate=\"off\" data-auto-rotate-speed=\"\"><div class=\"et_pb_gallery_items et_post_gallery clearfix\" data-per_page=\"4\"><div class=\"et_pb_gallery_item et_pb_gallery_item_0_0\"><div class=\"et_pb_gallery_image landscape\" data-per_page=\"4\"><a href=\"https:\/\/gruenig.werbequelle.de\/wp-content\/uploads\/2025\/11\/20190429_1457200_resized-scaled.webp\" title=\"\"><img decoding=\"async\" width=\"1800\" height=\"1013\" src=\"https:\/\/gruenig.werbequelle.de\/wp-content\/uploads\/2025\/11\/20190429_1457200_resized-scaled.webp\" alt=\"Gr\u00fcnig Sonderanfertigung Anbau-Kehrmaschine\" class=\"wp-image-1955\" srcset=\"https:\/\/gruenig.werbequelle.de\/wp-content\/uploads\/2025\/11\/20190429_1457200_resized-scaled.webp 1800w, https:\/\/gruenig.werbequelle.de\/wp-content\/uploads\/2025\/11\/20190429_1457200_resized-1280x720.webp 1280w, https:\/\/gruenig.werbequelle.de\/wp-content\/uploads\/2025\/11\/20190429_1457200_resized-980x551.webp 980w, https:\/\/gruenig.werbequelle.de\/wp-content\/uploads\/2025\/11\/20190429_1457200_resized-480x270.webp 480w\" sizes=\"(min-width: 0px) and (max-width: 480px) 480px, (min-width: 481px) and (max-width: 980px) 980px, (min-width: 981px) and (max-width: 1280px) 1280px, (min-width: 1281px) 1800px, 100vw\" \/><span class=\"et_overlay\" data-icon=\"\" data-icon-tablet=\"\" data-icon-phone=\"\"><\/span><\/a><\/div><\/div><div class=\"et_pb_gallery_item et_pb_gallery_item_0_1\"><div class=\"et_pb_gallery_image landscape\" data-per_page=\"4\"><a href=\"https:\/\/gruenig.werbequelle.de\/wp-content\/uploads\/2025\/11\/20190429_151939-scaled.webp\" title=\"\"><img decoding=\"async\" width=\"1800\" height=\"1013\" src=\"https:\/\/gruenig.werbequelle.de\/wp-content\/uploads\/2025\/11\/20190429_151939-scaled.webp\" alt=\"Kehrmaschine f\u00fcr den Traktor\" class=\"wp-image-1954\" srcset=\"https:\/\/gruenig.werbequelle.de\/wp-content\/uploads\/2025\/11\/20190429_151939-scaled.webp 1800w, https:\/\/gruenig.werbequelle.de\/wp-content\/uploads\/2025\/11\/20190429_151939-1280x720.webp 1280w, https:\/\/gruenig.werbequelle.de\/wp-content\/uploads\/2025\/11\/20190429_151939-980x551.webp 980w, https:\/\/gruenig.werbequelle.de\/wp-content\/uploads\/2025\/11\/20190429_151939-480x270.webp 480w\" sizes=\"(min-width: 0px) and (max-width: 480px) 480px, (min-width: 481px) and (max-width: 980px) 980px, (min-width: 981px) and (max-width: 1280px) 1280px, (min-width: 1281px) 1800px, 100vw\" \/><span class=\"et_overlay\" data-icon=\"\" data-icon-tablet=\"\" data-icon-phone=\"\"><\/span><\/a><\/div><\/div><div class=\"et_pb_gallery_item et_pb_gallery_item_0_2\"><div class=\"et_pb_gallery_image landscape\" data-per_page=\"4\"><a href=\"https:\/\/gruenig.werbequelle.de\/wp-content\/uploads\/2025\/11\/20190429_145628-scaled.webp\" title=\"\"><img decoding=\"async\" width=\"1800\" height=\"1013\" src=\"https:\/\/gruenig.werbequelle.de\/wp-content\/uploads\/2025\/11\/20190429_145628-scaled.webp\" alt=\"Anbau Kehrmaschine mit Seitenbesen f\u00fcr Traktoren\" class=\"wp-image-1951\" srcset=\"https:\/\/gruenig.werbequelle.de\/wp-content\/uploads\/2025\/11\/20190429_145628-scaled.webp 1800w, https:\/\/gruenig.werbequelle.de\/wp-content\/uploads\/2025\/11\/20190429_145628-1280x720.webp 1280w, https:\/\/gruenig.werbequelle.de\/wp-content\/uploads\/2025\/11\/20190429_145628-980x551.webp 980w, https:\/\/gruenig.werbequelle.de\/wp-content\/uploads\/2025\/11\/20190429_145628-480x270.webp 480w\" sizes=\"(min-width: 0px) and (max-width: 480px) 480px, (min-width: 481px) and (max-width: 980px) 980px, (min-width: 981px) and (max-width: 1280px) 1280px, (min-width: 1281px) 1800px, 100vw\" \/><span class=\"et_overlay\" data-icon=\"\" data-icon-tablet=\"\" data-icon-phone=\"\"><\/span><\/a><\/div><\/div><\/div><\/div>\n<\/div>\n<\/div>\n<\/div>\n\n<div class=\"et_pb_section_1 et_pb_section et_section_regular et_flex_section preset--module--divi-section--cr958rtfjc\">\n<div class=\"et_pb_row_1 et_pb_row et_flex_row preset--module--divi-row--yt9hj26h4r\">\n<div class=\"et_pb_column_2 et_pb_column et-last-child et_flex_column et_pb_css_mix_blend_mode_passthrough et_flex_column_24_24 et_flex_column_24_24_tablet et_flex_column_24_24_phone et_flex_column_24_24_phoneWide et_flex_column_24_24_tabletWide preset--module--divi-column--2hvu01hf5q\">\n<div class=\"et_pb_module et_pb_button_module_wrapper et_pb_button_0_wrapper preset--group--divi-button--divi-css--b2vawffi11_wrapper preset--module--divi-button--2folig1ktz_wrapper\"><a class=\"et_pb_button_0 et_pb_button et_pb_bg_layout_light et_pb_module et_block_module no-wrap preset--group--divi-button--divi-css--b2vawffi11 preset--module--divi-button--2folig1ktz\" href=\"#Beispiele\">Examples<\/a><\/div>\n\n<div class=\"et_pb_module et_pb_button_module_wrapper et_pb_button_1_wrapper preset--group--divi-button--divi-css--b2vawffi11_wrapper preset--module--divi-button--default_wrapper\"><a class=\"et_pb_button_1 et_pb_button et_pb_bg_layout_light et_pb_module et_block_module preset--group--divi-button--divi-css--b2vawffi11 preset--module--divi-button--default\" href=\"#Kontaktformular\">Question ?<\/a><\/div>\n<\/div>\n<\/div>\n\n<div class=\"et_pb_row_2 et_pb_row et-vb-row--no-module et_flex_row preset--module--divi-row--mzrjoyfn75\">\n<div class=\"et_pb_column_3 et_pb_column et-last-child et_flex_column et_pb_column_empty et_pb_css_mix_blend_mode_passthrough et_flex_column_24_24 et_flex_column_12_24_tablet et_flex_column_24_24_phone et_flex_column_24_24_phoneWide et_flex_column_12_24_tabletWide preset--group--divi-column--divi-background--default preset--module--divi-column--default\"><\/div>\n<\/div>\n<\/div>\n\n<div class=\"et_pb_section_2 et_pb_section et_section_regular et_block_section preset--group--divi-section--divi-background--default preset--module--divi-section--default\" id=\"Beispiele\">\n<div class=\"et_pb_row_3 et_pb_row et_flex_row preset--group--divi-row--divi-background--default preset--module--divi-row--default\">\n<div class=\"et_pb_column_4 et_pb_column et-last-child et_flex_column et_pb_css_mix_blend_mode_passthrough et_flex_column_24_24 et_flex_column_12_24_tablet et_flex_column_24_24_phone et_flex_column_24_24_phoneWide et_flex_column_12_24_tabletWide preset--group--divi-column--divi-background--default preset--group--divi-column--divi-layout--30erkquc49 preset--module--divi-column--default\">\n<div class=\"et_pb_text_1 et_pb_text et_pb_bg_layout_light et_pb_module et_flex_module preset--group--divi-text--divi-background--default preset--group--divi-text--divi-font-header--default preset--group--divi-text--divi-font-body--default preset--module--divi-text--default\"><div class=\"et_pb_text_inner\"><h2>Examples<\/h2>\n<\/div><\/div>\n<\/div>\n<\/div>\n\n<div class=\"et_pb_row_4 et_pb_row et_flex_row preset--group--divi-row--divi-background--default preset--group--divi-row--divi-spacing--yx5xtmohom preset--module--divi-row--default\">\n<div class=\"et_pb_column_5 et_pb_column et-last-child et_flex_column et_pb_css_mix_blend_mode_passthrough et_flex_column_24_24 et_flex_column_24_24_tablet et_flex_column_24_24_phone et_flex_column_24_24_phoneWide et_flex_column_24_24_tabletWide preset--group--divi-column--divi-background--default preset--module--divi-column--default\">\n<div class=\"et_pb_group_0 et_pb_group et_pb_module et_flex_group et_pb_css_mix_blend_mode_passthrough preset--module--divi-group--xbnfz3ywam\">\n<div class=\"et_pb_image_0 et_pb_image et_animated et_pb_module et_block_module preset--module--divi-image--am0l4fwxqg\"><span class=\"et_pb_image_wrap\"><img decoding=\"async\" src=\"https:\/\/gruenig.werbequelle.de\/wp-content\/uploads\/2025\/11\/IMG_2533-scaled.webp\" alt=\"Kehrmaschine mit Seitenbesen in XXL, f\u00fcr spezielle Kundenanforderungen\" width=\"1800\" height=\"1350\" srcset=\"https:\/\/gruenig.werbequelle.de\/wp-content\/uploads\/2025\/11\/IMG_2533-scaled.webp 1800w, https:\/\/gruenig.werbequelle.de\/wp-content\/uploads\/2025\/11\/IMG_2533-1280x960.webp 1280w, https:\/\/gruenig.werbequelle.de\/wp-content\/uploads\/2025\/11\/IMG_2533-980x735.webp 980w, https:\/\/gruenig.werbequelle.de\/wp-content\/uploads\/2025\/11\/IMG_2533-480x360.webp 480w\" sizes=\"(min-width: 0px) and (max-width: 480px) 480px, (min-width: 481px) and (max-width: 980px) 980px, (min-width: 981px) and (max-width: 1280px) 1280px, (min-width: 1281px) 1800px, 100vw\" class=\"wp-image-1960\" title=\"Uni-Truck_4_W_1005_gsx_Kehrmaschinenaufsatz\" \/><\/span><\/div>\n\n<div class=\"et_pb_text_2 et_pb_text et_pb_bg_layout_light et_pb_module et_block_module preset--group--divi-text--divi-spacing--yx5xtmohom preset--group--divi-text--divi-font-body--p3ap1n3p96 preset--module--divi-text--jmemf3ey8p\"><div class=\"et_pb_text_inner\"><h2>Mounted Sweeper<\/h2>\n<h3>with side brush in XXL size<\/h3>\n<p>Here is a short description as with track brooms<\/p>\n<\/div><\/div>\n<\/div>\n\n<div class=\"et_pb_group_1 et_pb_group et_pb_module et_flex_group et_pb_css_mix_blend_mode_passthrough preset--module--divi-group--xbnfz3ywam\">\n<div class=\"et_pb_image_1 et_pb_image et_animated et_pb_module et_block_module preset--module--divi-image--am0l4fwxqg\"><span class=\"et_pb_image_wrap\"><img decoding=\"async\" src=\"https:\/\/gruenig.werbequelle.de\/wp-content\/uploads\/2025\/11\/IMG_8375-scaled.webp\" alt=\"Kehrmaschine mit Walzen statt den standardm\u00e4\u00dfigen Laufr\u00e4dern\" width=\"1800\" height=\"1350\" srcset=\"https:\/\/gruenig.werbequelle.de\/wp-content\/uploads\/2025\/11\/IMG_8375-scaled.webp 1800w, https:\/\/gruenig.werbequelle.de\/wp-content\/uploads\/2025\/11\/IMG_8375-1280x960.webp 1280w, https:\/\/gruenig.werbequelle.de\/wp-content\/uploads\/2025\/11\/IMG_8375-980x735.webp 980w, https:\/\/gruenig.werbequelle.de\/wp-content\/uploads\/2025\/11\/IMG_8375-480x360.webp 480w\" sizes=\"(min-width: 0px) and (max-width: 480px) 480px, (min-width: 481px) and (max-width: 980px) 980px, (min-width: 981px) and (max-width: 1280px) 1280px, (min-width: 1281px) 1800px, 100vw\" class=\"wp-image-1961\" title=\"teaser_imagevideo_thumb\" \/><\/span><\/div>\n\n<div class=\"et_pb_text_3 et_pb_text et_pb_bg_layout_light et_pb_module et_block_module preset--group--divi-text--divi-spacing--yx5xtmohom preset--group--divi-text--divi-font-body--p3ap1n3p96 preset--module--divi-text--jmemf3ey8p\"><div class=\"et_pb_text_inner\"><h2>Mounted Sweeper<\/h2>\n<h3>with rollers instead of the standard wheels<\/h3>\n<p>Here is a short description as with track brooms<\/p>\n<\/div><\/div>\n<\/div>\n\n<div class=\"et_pb_group_2 et_pb_group et-last-child et_pb_module et_flex_group et_pb_css_mix_blend_mode_passthrough preset--module--divi-group--xbnfz3ywam\">\n<div class=\"et_pb_image_2 et_pb_image et_animated et_pb_module et_block_module preset--module--divi-image--am0l4fwxqg\"><span class=\"et_pb_image_wrap\"><img decoding=\"async\" src=\"https:\/\/gruenig.werbequelle.de\/wp-content\/uploads\/2025\/11\/P1040478-scaled.webp\" alt=\"Kehr-Fuchs 1500 mit Sonderfunktion Gleisbesen. Hiermit k\u00f6nne die Gleise, die im Asphalt eingelassenen sind ausgekehrt werden, und der aufgekehrte Schmutz wird dann direkt von der Kehrmaschine aufgenommen.\" width=\"1800\" height=\"1350\" srcset=\"https:\/\/gruenig.werbequelle.de\/wp-content\/uploads\/2025\/11\/P1040478-scaled.webp 1800w, https:\/\/gruenig.werbequelle.de\/wp-content\/uploads\/2025\/11\/P1040478-1280x960.webp 1280w, https:\/\/gruenig.werbequelle.de\/wp-content\/uploads\/2025\/11\/P1040478-980x735.webp 980w, https:\/\/gruenig.werbequelle.de\/wp-content\/uploads\/2025\/11\/P1040478-480x360.webp 480w\" sizes=\"(min-width: 0px) and (max-width: 480px) 480px, (min-width: 481px) and (max-width: 980px) 980px, (min-width: 981px) and (max-width: 1280px) 1280px, (min-width: 1281px) 1800px, 100vw\" class=\"wp-image-1962\" \/><\/span><\/div>\n\n<div class=\"et_pb_text_4 et_pb_text et_pb_bg_layout_light et_pb_module et_block_module preset--group--divi-text--divi-spacing--yx5xtmohom preset--group--divi-text--divi-font-body--p3ap1n3p96 preset--module--divi-text--jmemf3ey8p\"><div class=\"et_pb_text_inner\"><h2>Kehr-Fuchs 1500<\/h2>\n<h3>with special function track broom<\/h3>\n<p>This allows the tracks, which are embedded in the asphalt, to be swept out and the swept dirt is directly picked up by the sweeper.<\/p>\n<\/div><\/div>\n<\/div>\n<\/div>\n<\/div>\n\n<div class=\"et_pb_row_5 et_pb_row et_flex_row preset--module--divi-row--idm4894tzc\">\n<div class=\"et_pb_column_6 et_pb_column et_flex_column et_pb_css_mix_blend_mode_passthrough et_flex_column_16_24 et_flex_column_16_24_tablet et_flex_column_24_24_phone et_flex_column_24_24_phoneWide et_flex_column_16_24_tabletWide preset--group--divi-column--divi-background--default preset--module--divi-column--default\">\n<div class=\"et_pb_group_3 et_pb_group et-last-child et_pb_module et_flex_group et_pb_css_mix_blend_mode_passthrough preset--group--divi-group--divi-background--default\">\n<div class=\"et_pb_text_5 et_pb_text et_pb_bg_layout_light et_pb_module et_block_module preset--group--divi-text--divi-background--default preset--group--divi-text--divi-font-header--default preset--group--divi-text--divi-font-body--default preset--module--divi-text--default\"><div class=\"et_pb_text_inner\"><div class=\"fusion-text fusion-text-5\">\n<h2 style=\"--fontsize: 18; line-height: 1.5; --minfontsize: 18;\" data-fontsize=\"18\" data-lineheight=\"27px\" class=\"fusion-responsive-typography-calculated\">Uni-Truck V8<\/h2>\n<\/div>\n<p>For the GR\u00dcNIG showroom and for trade fairs, we have built a special model of the Uni-Truck with a V8 engine. A 5.0 liter Chevy V8 Small Block is installed as the drive motor. The Uni-Truck is 100% functional, so that all functions are given as with the series model.  <\/p>\n<p>&nbsp;<\/p>\n<h3>Unique special model<\/h3>\n<ul>\n<li>5.0 liter V8 gasoline engine, 200 hp<\/li>\n<li>based on the series model 4W 1005\/1200 kg<\/li>\n<li>can be used as a implement carrier with a variety<br \/>of attachments<\/li>\n<li>hydraulic articulated steering<\/li>\n<li>1.2 t lifting capacity<\/li>\n<li>1.6 \u2013 2.5 m lifting height<\/li>\n<li>hydrostatic four-wheel drive<\/li>\n<\/ul>\n<\/div><\/div>\n<\/div>\n<\/div>\n\n<div class=\"et_pb_column_7 et_pb_column et-last-child et_flex_column et_pb_css_mix_blend_mode_passthrough et_flex_column_8_24 et_flex_column_8_24_tablet et_flex_column_24_24_phone et_flex_column_24_24_phoneWide et_flex_column_8_24_tabletWide preset--group--divi-column--divi-background--default preset--module--divi-column--default\">\n<div class=\"et_pb_video_0 et_pb_video et_pb_module et_flex_module preset--group--divi-video--divi-background--default\"><div class=\"et_pb_video_box\"><iframe title=\"Limited Edition Uni-Truck V8 Sondermodell. Gr\u00fcnig Industriemaschinen\" width=\"563\" height=\"1000\" src=\"https:\/\/www.youtube.com\/embed\/qwGorqQeuO0?feature=oembed\"  allow=\"accelerometer; autoplay; clipboard-write; encrypted-media; gyroscope; picture-in-picture; web-share\" referrerpolicy=\"strict-origin-when-cross-origin\" allowfullscreen><\/iframe><\/div><\/div>\n<\/div>\n<\/div>\n<\/div>\n\n<div class=\"et_pb_section_3 et_pb_section et_section_regular et_block_section preset--group--divi-section--divi-background--default preset--module--divi-section--default\" id=\"Kontaktformular\"><div class=\"et_pb_row_6 et_pb_row et_flex_row preset--group--divi-row--divi-border--4k89yojzeh preset--module--divi-row--idm4894tzc\"><div class=\"et_pb_column_8 et_pb_column et-last-child et_flex_column et_pb_css_mix_blend_mode_passthrough et_flex_column_24_24 et_flex_column_12_24_tablet et_flex_column_24_24_phone et_flex_column_24_24_phoneWide et_flex_column_12_24_tabletWide preset--group--divi-column--divi-background--default preset--module--divi-column--default\"><div class=\"et_pb_text_6 et_pb_text et_pb_bg_layout_light et_pb_module et_flex_module preset--group--divi-text--divi-background--default preset--group--divi-text--divi-font-header--default preset--group--divi-text--divi-font-body--default preset--module--divi-text--default\"><div class=\"et_pb_text_inner\">\n<div class=\"wpcf7 no-js\" id=\"wpcf7-f3070-o1\" lang=\"en-US\" dir=\"ltr\" data-wpcf7-id=\"3070\">\n<div class=\"screen-reader-response\"><p role=\"status\" aria-live=\"polite\" aria-atomic=\"true\"><\/p> <ul><\/ul><\/div>\n<form action=\"\/en\/wp-json\/wp\/v2\/pages\/2925#wpcf7-f3070-o1\" method=\"post\" class=\"wpcf7-form init\" aria-label=\"Contact form\" novalidate=\"novalidate\" data-status=\"init\">\n<fieldset class=\"hidden-fields-container\"><input type=\"hidden\" name=\"_wpcf7\" value=\"3070\" \/><input type=\"hidden\" name=\"_wpcf7_version\" value=\"6.1.5\" \/><input type=\"hidden\" name=\"_wpcf7_locale\" value=\"en_US\" \/><input type=\"hidden\" name=\"_wpcf7_unit_tag\" value=\"wpcf7-f3070-o1\" \/><input type=\"hidden\" name=\"_wpcf7_container_post\" value=\"0\" \/><input type=\"hidden\" name=\"_wpcf7_posted_data_hash\" value=\"\" \/>\n<\/fieldset>\n<h3>Contact us now\n<\/h3>\n<p>Are you interested in our products or have a question about them? Please send us your request or call us directly: <b>+49 (0)6253 20 234-0<\/b>\n<\/p>\n<div class=\"dwp-form\">\n\t<div class=\"dwp-form-row\">\n\t\t<div class=\"dwp-form-column col-6 \">\n\t\t\t<p><label>Company<br \/>\n<span class=\"wpcf7-form-control-wrap\" data-name=\"firma\"><input size=\"40\" maxlength=\"400\" class=\"wpcf7-form-control wpcf7-text\" aria-invalid=\"false\" value=\"\" type=\"text\" name=\"firma\" \/><\/span> <\/label>\n\t\t\t<\/p>\n\t\t<\/div>\n\t\t<div class=\"dwp-form-column col-6\">\n\t\t\t<p>Title*<br \/>\n<span class=\"wpcf7-form-control-wrap\" data-name=\"anrede\"><span class=\"wpcf7-form-control wpcf7-radio\"><span class=\"wpcf7-list-item first\"><input type=\"radio\" name=\"anrede\" value=\"Mr.\" checked=\"checked\" \/><span class=\"wpcf7-list-item-label\">Mr.<\/span><\/span><span class=\"wpcf7-list-item last\"><input type=\"radio\" name=\"anrede\" value=\"Ms.\" \/><span class=\"wpcf7-list-item-label\">Ms.<\/span><\/span><\/span><\/span>\n\t\t\t<\/p>\n\t\t<\/div>\n\t<\/div>\n\t<div class=\"dwp-form-row\">\n\t\t<div class=\"dwp-form-column col-6 \">\n\t\t\t<p><label>First name*<br \/>\n<span class=\"wpcf7-form-control-wrap\" data-name=\"vorname\"><input size=\"40\" maxlength=\"400\" class=\"wpcf7-form-control wpcf7-text wpcf7-validates-as-required\" aria-required=\"true\" aria-invalid=\"false\" value=\"\" type=\"text\" name=\"vorname\" \/><\/span> <\/label>\n\t\t\t<\/p>\n\t\t<\/div>\n\t\t<div class=\"dwp-form-column col-6 \">\n\t\t\t<p><label>Last name*<br \/>\n<span class=\"wpcf7-form-control-wrap\" data-name=\"nachname\"><input size=\"40\" maxlength=\"400\" class=\"wpcf7-form-control wpcf7-text wpcf7-validates-as-required\" aria-required=\"true\" aria-invalid=\"false\" value=\"\" type=\"text\" name=\"nachname\" \/><\/span> <\/label>\n\t\t\t<\/p>\n\t\t<\/div>\n\t<\/div>\n\t<div class=\"dwp-form-row\">\n\t\t<div class=\"dwp-form-column col-6 \">\n\t\t\t<p><label>Phone*<br \/>\n<span class=\"wpcf7-form-control-wrap\" data-name=\"telefon\"><input size=\"40\" maxlength=\"400\" class=\"wpcf7-form-control wpcf7-text wpcf7-validates-as-required\" aria-required=\"true\" aria-invalid=\"false\" value=\"\" type=\"text\" name=\"telefon\" \/><\/span> <\/label>\n\t\t\t<\/p>\n\t\t<\/div>\n\t\t<div class=\"dwp-form-column col-6 \">\n\t\t\t<p><label>E-mail*<br \/>\n<span class=\"wpcf7-form-control-wrap\" data-name=\"email\"><input size=\"40\" maxlength=\"400\" class=\"wpcf7-form-control wpcf7-email wpcf7-validates-as-required wpcf7-text wpcf7-validates-as-email\" aria-required=\"true\" aria-invalid=\"false\" value=\"\" type=\"email\" name=\"email\" \/><\/span> <\/label>\n\t\t\t<\/p>\n\t\t<\/div>\n\t<\/div>\n\t<div class=\"dwp-form-row\">\n\t\t<div class=\"dwp-form-column col-12 \">\n\t\t\t<p>Product group*<br \/>\n<span class=\"wpcf7-form-control-wrap\" data-name=\"produkt-interesse\"><span class=\"wpcf7-form-control wpcf7-checkbox\"><span class=\"wpcf7-list-item first\"><input type=\"checkbox\" name=\"produkt-interesse[]\" value=\"Uni-Truck System (multi-purpose vehicle)\" \/><span class=\"wpcf7-list-item-label\">Uni-Truck System (multi-purpose vehicle)<\/span><\/span><span class=\"wpcf7-list-item\"><input type=\"checkbox\" name=\"produkt-interesse[]\" value=\"Kehr-Fuchs (sweeper)\" \/><span class=\"wpcf7-list-item-label\">Kehr-Fuchs (sweeper)<\/span><\/span><span class=\"wpcf7-list-item\"><input type=\"checkbox\" name=\"produkt-interesse[]\" value=\"Attachment sweepers\" \/><span class=\"wpcf7-list-item-label\">Attachment sweepers<\/span><\/span><span class=\"wpcf7-list-item\"><input type=\"checkbox\" name=\"produkt-interesse[]\" value=\"Attachment Snow Removal Equipment\" \/><span class=\"wpcf7-list-item-label\">Attachment Snow Removal Equipment<\/span><\/span><span class=\"wpcf7-list-item last\"><input type=\"checkbox\" name=\"produkt-interesse[]\" value=\"Other (please explain in the text field)\" \/><span class=\"wpcf7-list-item-label\">Other (please explain in the text field)<\/span><\/span><\/span><\/span>\n\t\t\t<\/p>\n\t\t<\/div>\n\t<\/div>\n\t<div class=\"dwp-form-row\">\n\t\t<div class=\"dwp-form-column col-12 \">\n\t\t\t<p><label> Your message<br \/>\n<span class=\"wpcf7-form-control-wrap\" data-name=\"nachricht\"><textarea cols=\"40\" rows=\"10\" maxlength=\"2000\" class=\"wpcf7-form-control wpcf7-textarea wpcf7-validates-as-required\" aria-required=\"true\" aria-invalid=\"false\" name=\"nachricht\"><\/textarea><\/span> <\/label>\n\t\t\t<\/p>\n\t\t<\/div>\n\t<\/div>\n<\/div>\n<p><input class=\"wpcf7-form-control wpcf7-submit has-spinner\" type=\"submit\" value=\"Send\" \/>\n<\/p><div class=\"wpcf7-response-output\" aria-hidden=\"true\"><\/div>\n<\/form>\n<\/div>\n\n<\/div><\/div><\/div><\/div><\/div>","protected":false},"excerpt":{"rendered":"","protected":false},"author":10,"featured_media":0,"parent":2978,"menu_order":0,"comment_status":"closed","ping_status":"closed","template":"","meta":{"footnotes":""},"class_list":["post-2925","page","type-page","status-publish","hentry"],"_links":{"self":[{"href":"https:\/\/gruenig.werbequelle.de\/en\/wp-json\/wp\/v2\/pages\/2925","targetHints":{"allow":["GET"]}}],"collection":[{"href":"https:\/\/gruenig.werbequelle.de\/en\/wp-json\/wp\/v2\/pages"}],"about":[{"href":"https:\/\/gruenig.werbequelle.de\/en\/wp-json\/wp\/v2\/types\/page"}],"author":[{"embeddable":true,"href":"https:\/\/gruenig.werbequelle.de\/en\/wp-json\/wp\/v2\/users\/10"}],"replies":[{"embeddable":true,"href":"https:\/\/gruenig.werbequelle.de\/en\/wp-json\/wp\/v2\/comments?post=2925"}],"version-history":[{"count":6,"href":"https:\/\/gruenig.werbequelle.de\/en\/wp-json\/wp\/v2\/pages\/2925\/revisions"}],"predecessor-version":[{"id":3941,"href":"https:\/\/gruenig.werbequelle.de\/en\/wp-json\/wp\/v2\/pages\/2925\/revisions\/3941"}],"up":[{"embeddable":true,"href":"https:\/\/gruenig.werbequelle.de\/en\/wp-json\/wp\/v2\/pages\/2978"}],"wp:attachment":[{"href":"https:\/\/gruenig.werbequelle.de\/en\/wp-json\/wp\/v2\/media?parent=2925"}],"curies":[{"name":"wp","href":"https:\/\/api.w.org\/{rel}","templated":true}]}}